{"id":34099,"date":"2022-11-24T13:44:09","date_gmt":"2022-11-24T13:44:09","guid":{"rendered":"https:\/\/bandiniwaterheaters.com\/home\/"},"modified":"2022-11-25T09:30:53","modified_gmt":"2022-11-25T09:30:53","slug":"home","status":"publish","type":"page","link":"https:\/\/bandiniwaterheaters.com\/fr\/home\/","title":{"rendered":"Home"},"content":{"rendered":"<p>[et_pb_section fb_built=\u00a0\u00bb1&Prime; admin_label=\u00a0\u00bbbandini il calore di casa\u00a0\u00bb _builder_version=\u00a0\u00bb4.16&Prime; _module_preset=\u00a0\u00bbdefault\u00a0\u00bb custom_margin=\u00a0\u00bb0px|0px|0px|0px|false|false\u00a0\u00bb custom_padding=\u00a0\u00bb0px|0px|0px|0px|false|false\u00a0\u00bb global_colors_info=\u00a0\u00bb{}\u00a0\u00bb][et_pb_row column_structure=\u00a0\u00bb1_2,1_2&Prime; make_equal=\u00a0\u00bbon\u00a0\u00bb _builder_version=\u00a0\u00bb4.16&Prime; _module_preset=\u00a0\u00bbdefault\u00a0\u00bb z_index=\u00a0\u00bb1&Prime; width=\u00a0\u00bb100%\u00a0\u00bb max_width=\u00a0\u00bb100%\u00a0\u00bb module_alignment=\u00a0\u00bbcenter\u00a0\u00bb height=\u00a0\u00bb850px\u00a0\u00bb height_tablet=\u00a0\u00bb\u00a0\u00bb height_phone=\u00a0\u00bb\u00a0\u00bb height_last_edited=\u00a0\u00bbon|tablet\u00a0\u00bb custom_margin=\u00a0\u00bb0px|0px|0px|0px|false|false\u00a0\u00bb custom_padding=\u00a0\u00bb0px|0px|0px|0px|false|false\u00a0\u00bb global_colors_info=\u00a0\u00bb{}\u00a0\u00bb][et_pb_column type=\u00a0\u00bb1_2&Prime; _builder_version=\u00a0\u00bb4.16&Prime; _module_preset=\u00a0\u00bbdefault\u00a0\u00bb custom_padding=\u00a0\u00bb0px|0px|0px|0px|false|false\u00a0\u00bb global_colors_info=\u00a0\u00bb{}\u00a0\u00bb][et_pb_image src=\u00a0\u00bbhttps:\/\/bandiniwaterheaters.com\/wp-content\/uploads\/2021\/02\/scaldabagno.png\u00a0\u00bb title_text=\u00a0\u00bbscaldabagno\u00a0\u00bb _builder_version=\u00a0\u00bb4.16&Prime; _module_preset=\u00a0\u00bbdefault\u00a0\u00bb max_width=\u00a0\u00bb68%\u00a0\u00bb max_width_tablet=\u00a0\u00bb70%\u00a0\u00bb max_width_phone=\u00a0\u00bb85%\u00a0\u00bb max_width_last_edited=\u00a0\u00bbon|phone\u00a0\u00bb module_alignment=\u00a0\u00bbleft\u00a0\u00bb custom_margin=\u00a0\u00bb0px||||false|false\u00a0\u00bb global_colors_info=\u00a0\u00bb{}\u00a0\u00bb][\/et_pb_image][et_pb_text _builder_version=\u00a0\u00bb4.16&Prime; _module_preset=\u00a0\u00bbdefault\u00a0\u00bb text_font=\u00a0\u00bbPoppins|700|||||||\u00a0\u00bb text_text_color=\u00a0\u00bb#000000&Prime; text_font_size=\u00a0\u00bb3em\u00a0\u00bb text_line_height=\u00a0\u00bb1em\u00a0\u00bb custom_margin=\u00a0\u00bb||27px|10%|false|false\u00a0\u00bb custom_margin_tablet=\u00a0\u00bb|10%|27px|10%|false|true\u00a0\u00bb custom_margin_phone=\u00a0\u00bb\u00a0\u00bb custom_margin_last_edited=\u00a0\u00bbon|phone\u00a0\u00bb custom_padding=\u00a0\u00bb||||false|false\u00a0\u00bb global_colors_info=\u00a0\u00bb{}\u00a0\u00bb]Bandini, la chaleur de la maison[\/et_pb_text][et_pb_text _builder_version=\u00a0\u00bb4.16&Prime; _module_preset=\u00a0\u00bbdefault\u00a0\u00bb text_font=\u00a0\u00bbPoppins|200|||||||\u00a0\u00bb text_text_color=\u00a0\u00bb#000000&Prime; text_font_size=\u00a0\u00bb16px\u00a0\u00bb text_letter_spacing=\u00a0\u00bb2px\u00a0\u00bb max_width=\u00a0\u00bb36em\u00a0\u00bb custom_margin=\u00a0\u00bb||17px|10%|false|false\u00a0\u00bb custom_margin_tablet=\u00a0\u00bb|10%|17px|10%|false|true\u00a0\u00bb custom_margin_phone=\u00a0\u00bb\u00a0\u00bb custom_margin_last_edited=\u00a0\u00bbon|phone\u00a0\u00bb custom_padding=\u00a0\u00bb||||false|false\u00a0\u00bb global_colors_info=\u00a0\u00bb{}\u00a0\u00bb]Le chauffe-eau \u00e9lectrique est l&rsquo;outil le plus simple et le moins cher pour avoir de l&rsquo;eau chaude toujours disponible \u00e0 la maison, dans la salle de bain, dans la cuisine.[\/et_pb_text][et_pb_button button_url=\u00a0\u00bbhttps:\/\/bandiniwaterheaters.com\/fr\/i-nostri-scaldabagni\/\u00a0\u00bb button_text=\u00a0\u00bbd\u00e9couvrez les produits\u00a0\u00bb _builder_version=\u00a0\u00bb4.17.6&Prime; _module_preset=\u00a0\u00bbdefault\u00a0\u00bb custom_button=\u00a0\u00bbon\u00a0\u00bb button_text_size=\u00a0\u00bb18px\u00a0\u00bb button_text_color=\u00a0\u00bb#ffffff\u00a0\u00bb button_bg_color=\u00a0\u00bbgcid-ac53295a-a5db-4c91-b7d5-88b2ef397e06&Prime; button_border_width=\u00a0\u00bb0px\u00a0\u00bb button_border_radius=\u00a0\u00bb56px\u00a0\u00bb button_font=\u00a0\u00bbPoppins|300|||||||\u00a0\u00bb button_use_icon=\u00a0\u00bboff\u00a0\u00bb custom_margin=\u00a0\u00bb|||10%|false|false\u00a0\u00bb custom_padding=\u00a0\u00bb0.5em|3em|0.5em|3em|true|true\u00a0\u00bb hover_enabled=\u00a0\u00bb0&Prime; box_shadow_color_last_edited=\u00a0\u00bboff|desktop\u00a0\u00bb global_colors_info=\u00a0\u00bb{%22gcid-ac53295a-a5db-4c91-b7d5-88b2ef397e06%22:%91%22button_bg_color%22%93}\u00a0\u00bb box_shadow_color__hover_enabled=\u00a0\u00bbon|hover\u00a0\u00bb box_shadow_color__hover=\u00a0\u00bbrgba(160,160,160,0.5)\u00a0\u00bb button_bg_color__hover_enabled=\u00a0\u00bbon|hover\u00a0\u00bb button_bg_color__hover=\u00a0\u00bb#85bf56&Prime; button_bg_enable_color__hover=\u00a0\u00bbon\u00a0\u00bb sticky_enabled=\u00a0\u00bb0&Prime;][\/et_pb_button][\/et_pb_column][et_pb_column type=\u00a0\u00bb1_2&Prime; _builder_version=\u00a0\u00bb4.16&Prime; _module_preset=\u00a0\u00bbdefault\u00a0\u00bb background_enable_image=\u00a0\u00bboff\u00a0\u00bb background_size=\u00a0\u00bbcontain\u00a0\u00bb global_colors_info=\u00a0\u00bb{}\u00a0\u00bb][et_pb_image src=\u00a0\u00bbhttps:\/\/bandiniwaterheaters.com\/wp-content\/uploads\/2021\/02\/vasca_bolle.png\u00a0\u00bb title_text=\u00a0\u00bbvasca_bolle\u00a0\u00bb show_bottom_space=\u00a0\u00bboff\u00a0\u00bb disabled_on=\u00a0\u00bbon|on|off\u00a0\u00bb _builder_version=\u00a0\u00bb4.16&Prime; _module_preset=\u00a0\u00bbdefault\u00a0\u00bb custom_padding=\u00a0\u00bb5em||||false|false\u00a0\u00bb global_colors_info=\u00a0\u00bb{}\u00a0\u00bb][\/et_pb_image][\/et_pb_column][\/et_pb_row][\/et_pb_section][et_pb_section fb_built=\u00a0\u00bb1&Prime; admin_label=\u00a0\u00bbvideo\u00a0\u00bb _builder_version=\u00a0\u00bb4.16&Prime; _module_preset=\u00a0\u00bbdefault\u00a0\u00bb background_color=\u00a0\u00bb#000000&Prime; background_enable_image=\u00a0\u00bboff\u00a0\u00bb background_size=\u00a0\u00bbcontain\u00a0\u00bb background_repeat=\u00a0\u00bbrepeat\u00a0\u00bb z_index=\u00a0\u00bb6&Prime; module_alignment=\u00a0\u00bbcenter\u00a0\u00bb height=\u00a0\u00bb700px\u00a0\u00bb height_tablet=\u00a0\u00bb350px\u00a0\u00bb height_phone=\u00a0\u00bb\u00a0\u00bb height_last_edited=\u00a0\u00bbon|tablet\u00a0\u00bb overflow-y=\u00a0\u00bbvisible\u00a0\u00bb custom_margin=\u00a0\u00bb0px|0px|0px|0px|false|false\u00a0\u00bb custom_margin_tablet=\u00a0\u00bb50px|0px|0px|0px|false|false\u00a0\u00bb custom_margin_phone=\u00a0\u00bb\u00a0\u00bb custom_margin_last_edited=\u00a0\u00bbon|tablet\u00a0\u00bb custom_padding=\u00a0\u00bb0px|0px|0px|0px|false|false\u00a0\u00bb global_colors_info=\u00a0\u00bb{}\u00a0\u00bb][et_pb_row make_equal=\u00a0\u00bbon\u00a0\u00bb module_class=\u00a0\u00bbsezvideo\u00a0\u00bb _builder_version=\u00a0\u00bb4.16&Prime; _module_preset=\u00a0\u00bbdefault\u00a0\u00bb background_enable_color=\u00a0\u00bboff\u00a0\u00bb background_video_mp4=\u00a0\u00bbhttps:\/\/bandiniwaterheaters.com\/wp-content\/uploads\/2021\/09\/Bandini-web-presentation.mp4&Prime; background_video_width=\u00a0\u00bb100%\u00a0\u00bb positioning=\u00a0\u00bbabsolute\u00a0\u00bb position_origin_a=\u00a0\u00bbcenter_center\u00a0\u00bb z_index=\u00a0\u00bb0&Prime; position_origin_a_tablet=\u00a0\u00bb\u00a0\u00bb position_origin_a_phone=\u00a0\u00bb\u00a0\u00bb position_origin_a_last_edited=\u00a0\u00bbon|phone\u00a0\u00bb position_origin_f_tablet=\u00a0\u00bb\u00a0\u00bb position_origin_f_phone=\u00a0\u00bb\u00a0\u00bb position_origin_f_last_edited=\u00a0\u00bbon|phone\u00a0\u00bb position_origin_r_tablet=\u00a0\u00bb\u00a0\u00bb position_origin_r_phone=\u00a0\u00bb\u00a0\u00bb position_origin_r_last_edited=\u00a0\u00bbon|phone\u00a0\u00bb width_tablet=\u00a0\u00bb\u00a0\u00bb width_phone=\u00a0\u00bb100%\u00a0\u00bb width_last_edited=\u00a0\u00bbon|tablet\u00a0\u00bb max_width=\u00a0\u00bb1500px\u00a0\u00bb height=\u00a0\u00bb840px\u00a0\u00bb height_tablet=\u00a0\u00bb400px\u00a0\u00bb height_phone=\u00a0\u00bb250px\u00a0\u00bb height_last_edited=\u00a0\u00bbon|tablet\u00a0\u00bb custom_margin=\u00a0\u00bb0px|0px|0px|0px|false|false\u00a0\u00bb custom_padding=\u00a0\u00bb2em||2em||false|false\u00a0\u00bb positioning_tablet=\u00a0\u00bb\u00a0\u00bb positioning_phone=\u00a0\u00bbnone\u00a0\u00bb positioning_last_edited=\u00a0\u00bbon|phone\u00a0\u00bb custom_css_main_element=\u00a0\u00bbalign-items:flex-end;\u00a0\u00bb global_colors_info=\u00a0\u00bb{}\u00a0\u00bb][et_pb_column type=\u00a0\u00bb4_4&Prime; _builder_version=\u00a0\u00bb4.16&Prime; _module_preset=\u00a0\u00bbdefault\u00a0\u00bb global_colors_info=\u00a0\u00bb{}\u00a0\u00bb][et_pb_text module_id=\u00a0\u00bbsuona\u00a0\u00bb module_class=\u00a0\u00bbvolumeoff\u00a0\u00bb _builder_version=\u00a0\u00bb4.16&Prime; _module_preset=\u00a0\u00bbdefault\u00a0\u00bb background_color=\u00a0\u00bbRGBA(0,0,0,0)\u00a0\u00bb positioning=\u00a0\u00bbabsolute\u00a0\u00bb position_origin_a=\u00a0\u00bbbottom_center\u00a0\u00bb vertical_offset=\u00a0\u00bb0px\u00a0\u00bb z_index=\u00a0\u00bb177&Prime; vertical_offset_tablet=\u00a0\u00bb-300px\u00a0\u00bb vertical_offset_phone=\u00a0\u00bb-170px\u00a0\u00bb vertical_offset_last_edited=\u00a0\u00bbon|phone\u00a0\u00bb position_origin_a_tablet=\u00a0\u00bb\u00a0\u00bb position_origin_a_phone=\u00a0\u00bb\u00a0\u00bb position_origin_a_last_edited=\u00a0\u00bbon|desktop\u00a0\u00bb position_origin_f_tablet=\u00a0\u00bb\u00a0\u00bb position_origin_f_phone=\u00a0\u00bb\u00a0\u00bb position_origin_f_last_edited=\u00a0\u00bbon|desktop\u00a0\u00bb position_origin_r_tablet=\u00a0\u00bb\u00a0\u00bb position_origin_r_phone=\u00a0\u00bb\u00a0\u00bb position_origin_r_last_edited=\u00a0\u00bbon|desktop\u00a0\u00bb width=\u00a0\u00bb100%\u00a0\u00bb width_tablet=\u00a0\u00bb100%\u00a0\u00bb width_phone=\u00a0\u00bb\u00a0\u00bb width_last_edited=\u00a0\u00bbon|tablet\u00a0\u00bb positioning_tablet=\u00a0\u00bbabsolute\u00a0\u00bb positioning_phone=\u00a0\u00bb\u00a0\u00bb positioning_last_edited=\u00a0\u00bbon|tablet\u00a0\u00bb custom_css_main_element=\u00a0\u00bbheight:3em;||max-width:3em;\u00a0\u00bb global_colors_info=\u00a0\u00bb{}\u00a0\u00bb][\/et_pb_text][\/et_pb_column][\/et_pb_row][\/et_pb_section][et_pb_section fb_built=\u00a0\u00bb1&Prime; disabled_on=\u00a0\u00bboff|off|off\u00a0\u00bb admin_label=\u00a0\u00bbLE NUOVE SFIDE DEL FUTURO: VERSO L\u2019EFFICIENZA ENERGETICA\u00a0\u00bb _builder_version=\u00a0\u00bb4.16&Prime; _module_preset=\u00a0\u00bbdefault\u00a0\u00bb custom_margin=\u00a0\u00bb0px|0px|0px|0px|false|false\u00a0\u00bb custom_padding=\u00a0\u00bb0px|0px|0px|0px|false|false\u00a0\u00bb global_colors_info=\u00a0\u00bb{}\u00a0\u00bb][et_pb_row make_equal=\u00a0\u00bbon\u00a0\u00bb custom_padding_last_edited=\u00a0\u00bbon|tablet\u00a0\u00bb module_class=\u00a0\u00bbprova\u00a0\u00bb _builder_version=\u00a0\u00bb4.16&Prime; _module_preset=\u00a0\u00bbdefault\u00a0\u00bb background_color=\u00a0\u00bb#D3D3D3&Prime; background_image=\u00a0\u00bbhttps:\/\/bandiniwaterheaters.com\/wp-content\/uploads\/2021\/02\/texture.png\u00a0\u00bb background_size=\u00a0\u00bbcontain\u00a0\u00bb background_repeat=\u00a0\u00bbrepeat\u00a0\u00bb width=\u00a0\u00bb100%\u00a0\u00bb max_width=\u00a0\u00bb100%\u00a0\u00bb height_last_edited=\u00a0\u00bboff|desktop\u00a0\u00bb custom_margin=\u00a0\u00bb0%|0px|0%|0px|true|false\u00a0\u00bb custom_margin_tablet=\u00a0\u00bb0%||0%||false|false\u00a0\u00bb custom_margin_phone=\u00a0\u00bb0%||0%||true|false\u00a0\u00bb custom_margin_last_edited=\u00a0\u00bbon|phone\u00a0\u00bb custom_padding=\u00a0\u00bb11em|0px|11em|0px|true|false\u00a0\u00bb custom_padding_tablet=\u00a0\u00bb5em|0px|5em|0px|true|false\u00a0\u00bb custom_padding_phone=\u00a0\u00bb\u00a0\u00bb custom_css_main_element=\u00a0\u00bbalign-items:center;||\u00a0\u00bb global_colors_info=\u00a0\u00bb{}\u00a0\u00bb custom_css_main_element_last_edited=\u00a0\u00bboff|desktop\u00a0\u00bb][et_pb_column type=\u00a0\u00bb4_4&Prime; _builder_version=\u00a0\u00bb4.16&Prime; _module_preset=\u00a0\u00bbdefault\u00a0\u00bb custom_padding=\u00a0\u00bb0em|4em|2em|4em|false|true\u00a0\u00bb custom_padding_tablet=\u00a0\u00bb1em|3em|4em|3em|false|true\u00a0\u00bb custom_padding_phone=\u00a0\u00bb|2em||2em|false|true\u00a0\u00bb custom_padding_last_edited=\u00a0\u00bbon|phone\u00a0\u00bb global_colors_info=\u00a0\u00bb{}\u00a0\u00bb][et_pb_text _builder_version=\u00a0\u00bb4.16&Prime; _module_preset=\u00a0\u00bbdefault\u00a0\u00bb text_font=\u00a0\u00bbPoppins|700|||||||\u00a0\u00bb text_text_color=\u00a0\u00bb#000000&Prime; text_font_size=\u00a0\u00bb2em\u00a0\u00bb text_line_height=\u00a0\u00bb1em\u00a0\u00bb text_orientation=\u00a0\u00bbcenter\u00a0\u00bb custom_margin=\u00a0\u00bb||27px||false|false\u00a0\u00bb custom_margin_tablet=\u00a0\u00bb||27px||false|false\u00a0\u00bb custom_margin_phone=\u00a0\u00bb0%||||false|false\u00a0\u00bb custom_margin_last_edited=\u00a0\u00bboff|tablet\u00a0\u00bb custom_padding=\u00a0\u00bb||||false|false\u00a0\u00bb global_colors_info=\u00a0\u00bb{}\u00a0\u00bb]<\/p>\n<p style=\"text-align: center;\">LES NOUVEAUX ENJEUX DU FUTUR:<br \/>\nVERS L&rsquo;EFFICACIT\u00c9 \u00c9NERG\u00c9TIQUE<\/p>\n<p>[\/et_pb_text][et_pb_text _builder_version=\u00a0\u00bb4.16&Prime; _module_preset=\u00a0\u00bbdefault\u00a0\u00bb text_font=\u00a0\u00bbPoppins|200|||||||\u00a0\u00bb text_text_color=\u00a0\u00bb#000000&Prime; text_font_size=\u00a0\u00bb16px\u00a0\u00bb text_letter_spacing=\u00a0\u00bb2px\u00a0\u00bb max_width=\u00a0\u00bb54em\u00a0\u00bb module_alignment=\u00a0\u00bbcenter\u00a0\u00bb custom_margin=\u00a0\u00bb||17px||false|false\u00a0\u00bb custom_padding=\u00a0\u00bb||||false|false\u00a0\u00bb global_colors_info=\u00a0\u00bb{}\u00a0\u00bb]Qu&rsquo;est-ce que l&rsquo;efficacit\u00e9 \u00e9nerg\u00e9tique? En parlant de chauffe-eau, c&rsquo;est la valeur qui indique la quantit\u00e9 d&rsquo;eau chaude que nous pouvons obtenir par rapport \u00e0 l&rsquo;\u00e9lectricit\u00e9 consomm\u00e9e. Pour \u00eatre conforme \u00e0 la nouvelle r\u00e9glementation europ\u00e9enne ERP2017 (Energy Related Product Directive), un chauffe-eau doit de plus en plus tendre \u00e0 fournir des niveaux d&rsquo;eau chaude satisfaisants tout en consommant moins d&rsquo;\u00e9nergie que les mod\u00e8les classiques. Le tout en garantissant toujours un bon niveau de confort pour une douche chaude et relaxante.<\/p>\n<p><strong>Comment am\u00e9liorer l&rsquo;efficacit\u00e9 \u00e9nerg\u00e9tique? En minimisant les d\u00e9chets et les pertes d&rsquo;\u00e9nergie.<\/strong>[\/et_pb_text][et_pb_button button_url=\u00a0\u00bbhttps:\/\/bandiniwaterheaters.com\/fr\/caratteristiche-prodotti\/#eco\u00a0\u00bb button_text=\u00a0\u00bben savoir plus\u00a0\u00bb button_alignment=\u00a0\u00bbcenter\u00a0\u00bb _builder_version=\u00a0\u00bb4.17.6&Prime; _module_preset=\u00a0\u00bbdefault\u00a0\u00bb custom_button=\u00a0\u00bbon\u00a0\u00bb button_text_size=\u00a0\u00bb18px\u00a0\u00bb button_text_color=\u00a0\u00bb#ffffff\u00a0\u00bb button_bg_color=\u00a0\u00bbgcid-ac53295a-a5db-4c91-b7d5-88b2ef397e06&Prime; button_border_width=\u00a0\u00bb0px\u00a0\u00bb button_border_radius=\u00a0\u00bb56px\u00a0\u00bb button_font=\u00a0\u00bbPoppins|300|||||||\u00a0\u00bb button_use_icon=\u00a0\u00bboff\u00a0\u00bb custom_margin=\u00a0\u00bb||||false|false\u00a0\u00bb custom_padding=\u00a0\u00bb0.5em|3em|0.5em|3em|true|true\u00a0\u00bb hover_enabled=\u00a0\u00bb0&Prime; box_shadow_color_last_edited=\u00a0\u00bboff|desktop\u00a0\u00bb global_colors_info=\u00a0\u00bb{%22gcid-ac53295a-a5db-4c91-b7d5-88b2ef397e06%22:%91%22button_bg_color%22%93}\u00a0\u00bb box_shadow_color__hover_enabled=\u00a0\u00bbon|hover\u00a0\u00bb box_shadow_color__hover=\u00a0\u00bbrgba(160,160,160,0.5)\u00a0\u00bb button_bg_color__hover_enabled=\u00a0\u00bbon|hover\u00a0\u00bb button_bg_color__hover=\u00a0\u00bb#85bf56&Prime; button_bg_enable_color__hover=\u00a0\u00bbon\u00a0\u00bb sticky_enabled=\u00a0\u00bb0&Prime;][\/et_pb_button][\/et_pb_column][\/et_pb_row][\/et_pb_section][et_pb_section fb_built=\u00a0\u00bb1&Prime; disabled_on=\u00a0\u00bboff|off|off\u00a0\u00bb admin_label=\u00a0\u00bbbandini una presenza storica\u00a0\u00bb _builder_version=\u00a0\u00bb4.16&Prime; _module_preset=\u00a0\u00bbdefault\u00a0\u00bb background_image=\u00a0\u00bbhttps:\/\/bandiniwaterheaters.com\/wp-content\/uploads\/2021\/03\/sfondo.png\u00a0\u00bb background_position=\u00a0\u00bbcenter_left\u00a0\u00bb custom_margin=\u00a0\u00bb0px|0px|0px|0px|false|false\u00a0\u00bb custom_padding=\u00a0\u00bb0px|0px|0px|0px|false|false\u00a0\u00bb background_last_edited=\u00a0\u00bbon|phone\u00a0\u00bb background_size_tablet=\u00a0\u00bbcover\u00a0\u00bb background_position_phone=\u00a0\u00bbcenter\u00a0\u00bb global_colors_info=\u00a0\u00bb{}\u00a0\u00bb background__hover_enabled=\u00a0\u00bboff|desktop\u00a0\u00bb][et_pb_row column_structure=\u00a0\u00bb1_2,1_2&Prime; make_equal=\u00a0\u00bbon\u00a0\u00bb _builder_version=\u00a0\u00bb4.16&Prime; _module_preset=\u00a0\u00bbdefault\u00a0\u00bb background_color=\u00a0\u00bbrgba(255,255,255,0.4)\u00a0\u00bb use_background_color_gradient=\u00a0\u00bbon\u00a0\u00bb background_color_gradient_direction=\u00a0\u00bb257deg\u00a0\u00bb background_color_gradient_stops=\u00a0\u00bb#ffffff 48%|rgba(0,0,0,0) 48%\u00a0\u00bb background_color_gradient_start=\u00a0\u00bb#ffffff\u00a0\u00bb background_color_gradient_start_position=\u00a0\u00bb48%\u00a0\u00bb background_color_gradient_end=\u00a0\u00bbrgba(0,0,0,0)\u00a0\u00bb background_color_gradient_end_position=\u00a0\u00bb22%\u00a0\u00bb background_enable_image=\u00a0\u00bboff\u00a0\u00bb background_position=\u00a0\u00bbcenter_left\u00a0\u00bb width=\u00a0\u00bb100%\u00a0\u00bb max_width=\u00a0\u00bb100%\u00a0\u00bb custom_margin=\u00a0\u00bb0px|0px|0px|0px|false|false\u00a0\u00bb custom_margin_last_edited=\u00a0\u00bboff|desktop\u00a0\u00bb custom_padding=\u00a0\u00bb8em|0px|8em|0px|true|false\u00a0\u00bb background_color_tablet=\u00a0\u00bbrgba(255,255,255,0.7)\u00a0\u00bb background_last_edited=\u00a0\u00bbon|desktop\u00a0\u00bb background_enable_color_tablet=\u00a0\u00bbon\u00a0\u00bb use_background_color_gradient_tablet=\u00a0\u00bboff\u00a0\u00bb custom_css_main_element=\u00a0\u00bbalign-items:center;||\u00a0\u00bb global_colors_info=\u00a0\u00bb{}\u00a0\u00bb custom_css_main_element_last_edited=\u00a0\u00bboff|desktop\u00a0\u00bb background__hover_enabled=\u00a0\u00bboff|desktop\u00a0\u00bb][et_pb_column type=\u00a0\u00bb1_2&Prime; _builder_version=\u00a0\u00bb4.16&Prime; _module_preset=\u00a0\u00bbdefault\u00a0\u00bb background_enable_image=\u00a0\u00bboff\u00a0\u00bb custom_padding=\u00a0\u00bb0em|4em|2em|4em|false|true\u00a0\u00bb custom_padding_tablet=\u00a0\u00bb0em|3em|2em|3em|false|true\u00a0\u00bb custom_padding_phone=\u00a0\u00bb\u00a0\u00bb custom_padding_last_edited=\u00a0\u00bbon|tablet\u00a0\u00bb global_colors_info=\u00a0\u00bb{}\u00a0\u00bb][\/et_pb_column][et_pb_column type=\u00a0\u00bb1_2&Prime; _builder_version=\u00a0\u00bb4.16&Prime; _module_preset=\u00a0\u00bbdefault\u00a0\u00bb background_color_gradient_direction=\u00a0\u00bb-107deg\u00a0\u00bb custom_padding=\u00a0\u00bb0em|4em|2em|4em|false|true\u00a0\u00bb custom_padding_tablet=\u00a0\u00bb1em|2em|4em|2em|false|true\u00a0\u00bb custom_padding_phone=\u00a0\u00bb|2em||2em|false|true\u00a0\u00bb custom_padding_last_edited=\u00a0\u00bbon|tablet\u00a0\u00bb global_colors_info=\u00a0\u00bb{}\u00a0\u00bb][et_pb_text _builder_version=\u00a0\u00bb4.16&Prime; _module_preset=\u00a0\u00bbdefault\u00a0\u00bb text_font=\u00a0\u00bbPoppins|700|||||||\u00a0\u00bb text_text_color=\u00a0\u00bb#000000&Prime; text_font_size=\u00a0\u00bb2em\u00a0\u00bb text_line_height=\u00a0\u00bb1em\u00a0\u00bb custom_margin=\u00a0\u00bb||27px||false|false\u00a0\u00bb custom_margin_tablet=\u00a0\u00bb||27px||false|false\u00a0\u00bb custom_margin_phone=\u00a0\u00bb0%||||false|false\u00a0\u00bb custom_margin_last_edited=\u00a0\u00bboff|tablet\u00a0\u00bb custom_padding=\u00a0\u00bb||||false|false\u00a0\u00bb global_colors_info=\u00a0\u00bb{}\u00a0\u00bb]BANDINI, une pr\u00e9sence historique<br \/>\nsur son territoire[\/et_pb_text][et_pb_text _builder_version=\u00a0\u00bb4.16&Prime; _module_preset=\u00a0\u00bbdefault\u00a0\u00bb text_font=\u00a0\u00bbPoppins|200|||||||\u00a0\u00bb text_text_color=\u00a0\u00bb#000000&Prime; text_font_size=\u00a0\u00bb16px\u00a0\u00bb text_letter_spacing=\u00a0\u00bb2px\u00a0\u00bb max_width=\u00a0\u00bb36em\u00a0\u00bb custom_margin=\u00a0\u00bb||17px||false|false\u00a0\u00bb custom_padding=\u00a0\u00bb||||false|false\u00a0\u00bb global_colors_info=\u00a0\u00bb{}\u00a0\u00bb]Depuis plus de 66 ans, BANDINI est l&rsquo;une des r\u00e9f\u00e9rences du secteur thermo-sanitaire,<br \/>\nr\u00e9alisation de sa vision d&rsquo;entreprise.<\/p>\n<p>\u00c0 ce jour, plus de 4 000 000 de familles font confiance au service et \u00e0 la qualit\u00e9 de nos produits.[\/et_pb_text][et_pb_button button_url=\u00a0\u00bbhttps:\/\/bandiniwaterheaters.com\/fr\/azienda\/\u00a0\u00bb button_text=\u00a0\u00bben savoir plus\u00a0\u00bb button_alignment=\u00a0\u00bbleft\u00a0\u00bb button_alignment_tablet=\u00a0\u00bbleft\u00a0\u00bb button_alignment_phone=\u00a0\u00bb\u00a0\u00bb button_alignment_last_edited=\u00a0\u00bbon|tablet\u00a0\u00bb _builder_version=\u00a0\u00bb4.17.6&Prime; _module_preset=\u00a0\u00bbdefault\u00a0\u00bb custom_button=\u00a0\u00bbon\u00a0\u00bb button_text_size=\u00a0\u00bb18px\u00a0\u00bb button_text_color=\u00a0\u00bb#ffffff\u00a0\u00bb button_bg_color=\u00a0\u00bbgcid-ac53295a-a5db-4c91-b7d5-88b2ef397e06&Prime; button_border_width=\u00a0\u00bb0px\u00a0\u00bb button_border_radius=\u00a0\u00bb56px\u00a0\u00bb button_font=\u00a0\u00bbPoppins|300|||||||\u00a0\u00bb button_use_icon=\u00a0\u00bboff\u00a0\u00bb custom_margin=\u00a0\u00bb||||false|false\u00a0\u00bb custom_padding=\u00a0\u00bb0.5em|3em|0.5em|3em|true|true\u00a0\u00bb hover_enabled=\u00a0\u00bb0&Prime; global_colors_info=\u00a0\u00bb{%22gcid-ac53295a-a5db-4c91-b7d5-88b2ef397e06%22:%91%22button_bg_color%22%93}\u00a0\u00bb box_shadow_color__hover_enabled=\u00a0\u00bbon|hover\u00a0\u00bb box_shadow_color__hover=\u00a0\u00bbrgba(160,160,160,0.5)\u00a0\u00bb button_bg_color__hover_enabled=\u00a0\u00bbon|hover\u00a0\u00bb button_bg_color__hover=\u00a0\u00bb#85bf56&Prime; button_bg_enable_color__hover=\u00a0\u00bbon\u00a0\u00bb sticky_enabled=\u00a0\u00bb0&Prime;][\/et_pb_button][\/et_pb_column][\/et_pb_row][\/et_pb_section]<\/p>\n","protected":false},"excerpt":{"rendered":"<p>Bandini, la chaleur de la maisonLe chauffe-eau \u00e9lectrique est l&rsquo;outil le plus simple et le moins cher pour avoir de l&rsquo;eau chaude toujours disponible \u00e0 la maison, dans la salle de bain, dans la cuisine.LES NOUVEAUX ENJEUX DU FUTUR: VERS L&rsquo;EFFICACIT\u00c9 \u00c9NERG\u00c9TIQUEQu&rsquo;est-ce que l&rsquo;efficacit\u00e9 \u00e9nerg\u00e9tique? En parlant de chauffe-eau, c&rsquo;est la valeur qui indique la [&hellip;]<\/p>\n","protected":false},"author":12,"featured_media":0,"parent":0,"menu_order":0,"comment_status":"closed","ping_status":"closed","template":"","meta":{"_et_pb_use_builder":"on","_et_pb_old_content":"","_et_gb_content_width":""},"acf":[],"_links":{"self":[{"href":"https:\/\/bandiniwaterheaters.com\/fr\/wp-json\/wp\/v2\/pages\/34099"}],"collection":[{"href":"https:\/\/bandiniwaterheaters.com\/fr\/wp-json\/wp\/v2\/pages"}],"about":[{"href":"https:\/\/bandiniwaterheaters.com\/fr\/wp-json\/wp\/v2\/types\/page"}],"author":[{"embeddable":true,"href":"https:\/\/bandiniwaterheaters.com\/fr\/wp-json\/wp\/v2\/users\/12"}],"replies":[{"embeddable":true,"href":"https:\/\/bandiniwaterheaters.com\/fr\/wp-json\/wp\/v2\/comments?post=34099"}],"version-history":[{"count":4,"href":"https:\/\/bandiniwaterheaters.com\/fr\/wp-json\/wp\/v2\/pages\/34099\/revisions"}],"predecessor-version":[{"id":34126,"href":"https:\/\/bandiniwaterheaters.com\/fr\/wp-json\/wp\/v2\/pages\/34099\/revisions\/34126"}],"wp:attachment":[{"href":"https:\/\/bandiniwaterheaters.com\/fr\/wp-json\/wp\/v2\/media?parent=34099"}],"curies":[{"name":"wp","href":"https:\/\/api.w.org\/{rel}","templated":true}]}}