{"id":34113,"date":"2022-11-24T15:18:46","date_gmt":"2022-11-24T15:18:46","guid":{"rendered":"https:\/\/bandiniwaterheaters.com\/nos-certificats\/"},"modified":"2022-11-24T15:18:47","modified_gmt":"2022-11-24T15:18:47","slug":"nos-certificats","status":"publish","type":"page","link":"https:\/\/bandiniwaterheaters.com\/fr\/nos-certificats\/","title":{"rendered":"Nos certificats"},"content":{"rendered":"<p>[et_pb_section fb_built=\u00a0\u00bb1&Prime; admin_label=\u00a0\u00bbesperienza ricerca e tecnologia\u00a0\u00bb _builder_version=\u00a0\u00bb4.9.2&Prime; _module_preset=\u00a0\u00bbdefault\u00a0\u00bb custom_margin=\u00a0\u00bb0em|0px|0px|0px|false|false\u00a0\u00bb custom_padding=\u00a0\u00bb0px|0px|0px|0px|false|false\u00a0\u00bb global_colors_info=\u00a0\u00bb{}\u00a0\u00bb][et_pb_row column_structure=\u00a0\u00bb1_2,1_2&Prime; make_equal=\u00a0\u00bbon\u00a0\u00bb _builder_version=\u00a0\u00bb4.9.2&Prime; _module_preset=\u00a0\u00bbdefault\u00a0\u00bb z_index=\u00a0\u00bb1&Prime; width=\u00a0\u00bb100%\u00a0\u00bb max_width=\u00a0\u00bb100%\u00a0\u00bb module_alignment=\u00a0\u00bbcenter\u00a0\u00bb height_last_edited=\u00a0\u00bboff|desktop\u00a0\u00bb custom_margin=\u00a0\u00bb50px|0px||0px|false|false\u00a0\u00bb custom_padding=\u00a0\u00bb0px|0px|0px|0px|false|false\u00a0\u00bb global_colors_info=\u00a0\u00bb{}\u00a0\u00bb][et_pb_column type=\u00a0\u00bb1_2&Prime; _builder_version=\u00a0\u00bb4.9.2&Prime; _module_preset=\u00a0\u00bbdefault\u00a0\u00bb custom_padding=\u00a0\u00bb100px|0px|0px|0px|false|false\u00a0\u00bb custom_padding_tablet=\u00a0\u00bb1em|0px|0px|0px|false|false\u00a0\u00bb custom_padding_last_edited=\u00a0\u00bboff|desktop\u00a0\u00bb global_colors_info=\u00a0\u00bb{}\u00a0\u00bb][et_pb_text _builder_version=\u00a0\u00bb4.9.7&Prime; _module_preset=\u00a0\u00bbdefault\u00a0\u00bb text_font=\u00a0\u00bbPoppins|200|||||||\u00a0\u00bb text_text_color=\u00a0\u00bb#000000&Prime; text_font_size=\u00a0\u00bb16px\u00a0\u00bb text_letter_spacing=\u00a0\u00bb2px\u00a0\u00bb text_line_height=\u00a0\u00bb1.8em\u00a0\u00bb max_width=\u00a0\u00bb36em\u00a0\u00bb custom_margin=\u00a0\u00bb||17px|10%|false|false\u00a0\u00bb custom_margin_tablet=\u00a0\u00bb|10%|17px|10%|false|true\u00a0\u00bb custom_margin_phone=\u00a0\u00bb\u00a0\u00bb custom_margin_last_edited=\u00a0\u00bbon|phone\u00a0\u00bb custom_padding=\u00a0\u00bb||||false|false\u00a0\u00bb global_module=\u00a0\u00bb26016&Prime; global_colors_info=\u00a0\u00bb{}\u00a0\u00bb link_text_color__hover_enabled=\u00a0\u00bbon|hover\u00a0\u00bb link_text_color__hover=\u00a0\u00bb#85BF56&Prime;]<\/p>\n<p><span>[rank_math_breadcrumb]<\/span><\/p>\n<p>[\/et_pb_text][et_pb_text _builder_version=\u00a0\u00bb4.9.2&Prime; _module_preset=\u00a0\u00bbdefault\u00a0\u00bb text_font=\u00a0\u00bbPoppins|700|||||||\u00a0\u00bb text_text_color=\u00a0\u00bb#000000&Prime; text_font_size=\u00a0\u00bb3em\u00a0\u00bb text_line_height=\u00a0\u00bb1em\u00a0\u00bb custom_margin=\u00a0\u00bb||20px|10%|false|false\u00a0\u00bb custom_margin_tablet=\u00a0\u00bb|10%|0px|14%|false|false\u00a0\u00bb custom_margin_phone=\u00a0\u00bb|||10%|false|false\u00a0\u00bb custom_margin_last_edited=\u00a0\u00bbon|desktop\u00a0\u00bb custom_padding=\u00a0\u00bb||14px||false|false\u00a0\u00bb text_font_size_tablet=\u00a0\u00bb\u00a0\u00bb text_font_size_phone=\u00a0\u00bb2.4em\u00a0\u00bb text_font_size_last_edited=\u00a0\u00bbon|tablet\u00a0\u00bb global_colors_info=\u00a0\u00bb{}\u00a0\u00bb]Exp\u00e9rience, Recherche<br \/>\net la technologie[\/et_pb_text][et_pb_text _builder_version=\u00a0\u00bb4.10.7&Prime; _module_preset=\u00a0\u00bbdefault\u00a0\u00bb text_font=\u00a0\u00bbPoppins|200|||||||\u00a0\u00bb text_text_color=\u00a0\u00bb#000000&Prime; text_font_size=\u00a0\u00bb16px\u00a0\u00bb text_letter_spacing=\u00a0\u00bb2px\u00a0\u00bb text_line_height=\u00a0\u00bb1.5em\u00a0\u00bb custom_margin=\u00a0\u00bb||20px|10%|false|false\u00a0\u00bb custom_margin_tablet=\u00a0\u00bb|10%|0px|14%|false|false\u00a0\u00bb custom_margin_phone=\u00a0\u00bb|||10%|false|false\u00a0\u00bb custom_margin_last_edited=\u00a0\u00bbon|desktop\u00a0\u00bb custom_padding=\u00a0\u00bb||14px||false|false\u00a0\u00bb text_font_size_phone=\u00a0\u00bb2.4em\u00a0\u00bb text_font_size_last_edited=\u00a0\u00bboff|desktop\u00a0\u00bb global_colors_info=\u00a0\u00bb{}\u00a0\u00bb]Du choix de mat\u00e9riaux certifi\u00e9s \u00e0 l&rsquo;utilisation de technologies de pointe, Bandini est en mesure de garantir aux utilisateurs de ses produits une collection dont les points forts sont la technologie, la qualit\u00e9 et la r\u00e9sistance.[\/et_pb_text][et_pb_text disabled_on=\u00a0\u00bboff|off|on\u00a0\u00bb _builder_version=\u00a0\u00bb4.9.2&Prime; _module_preset=\u00a0\u00bbdefault\u00a0\u00bb text_font=\u00a0\u00bbPoppins|700|||||||\u00a0\u00bb text_text_color=\u00a0\u00bb#000000&Prime; text_font_size=\u00a0\u00bb2em\u00a0\u00bb text_line_height=\u00a0\u00bb1em\u00a0\u00bb custom_margin=\u00a0\u00bb||27px|10%|false|false\u00a0\u00bb custom_margin_tablet=\u00a0\u00bb|14%|27px|14%|false|true\u00a0\u00bb custom_margin_phone=\u00a0\u00bb18px||0px|10%|false|false\u00a0\u00bb custom_margin_last_edited=\u00a0\u00bbon|phone\u00a0\u00bb custom_padding=\u00a0\u00bb||||false|false\u00a0\u00bb text_font_size_tablet=\u00a0\u00bb\u00a0\u00bb text_font_size_phone=\u00a0\u00bb1.8em\u00a0\u00bb text_font_size_last_edited=\u00a0\u00bbon|phone\u00a0\u00bb global_colors_info=\u00a0\u00bb{}\u00a0\u00bb]CHAUFFE-EAU \u00c0 ACCUMULATION<br \/>\nILS SONT CONFORMES AUX NORMES SUIVANTES :[\/et_pb_text][\/et_pb_column][et_pb_column type=\u00a0\u00bb1_2&Prime; _builder_version=\u00a0\u00bb4.9.0&Prime; _module_preset=\u00a0\u00bbdefault\u00a0\u00bb background_enable_image=\u00a0\u00bboff\u00a0\u00bb background_size=\u00a0\u00bbcontain\u00a0\u00bb global_colors_info=\u00a0\u00bb{}\u00a0\u00bb][\/et_pb_column][\/et_pb_row][\/et_pb_section][et_pb_section fb_built=\u00a0\u00bb1&Prime; admin_label=\u00a0\u00bbgli scaldabagni ad accumulo\u00a0\u00bb _builder_version=\u00a0\u00bb4.10.6&Prime; _module_preset=\u00a0\u00bbdefault\u00a0\u00bb background_color=\u00a0\u00bbrgba(255,255,255,0.46)\u00a0\u00bb background_image=\u00a0\u00bbhttps:\/\/bandiniwaterheaters.com\/wp-content\/uploads\/2021\/03\/Sfondo-certificazioni.png\u00a0\u00bb background_size=\u00a0\u00bbcontain\u00a0\u00bb background_position=\u00a0\u00bbtop_left\u00a0\u00bb background_blend=\u00a0\u00bboverlay\u00a0\u00bb z_index=\u00a0\u00bb2&Prime; custom_margin=\u00a0\u00bb0em|0px|220px|0px|false|false\u00a0\u00bb custom_padding=\u00a0\u00bb0px|0px|0px|0px|false|false\u00a0\u00bb background_color_tablet=\u00a0\u00bbrgba(255,255,255,0.7)\u00a0\u00bb background_last_edited=\u00a0\u00bbon|desktop\u00a0\u00bb background_enable_color_tablet=\u00a0\u00bbon\u00a0\u00bb background_enable_image_phone=\u00a0\u00bboff\u00a0\u00bb custom_css_main_element=\u00a0\u00bbbackground-size:50%!important\u00a0\u00bb global_colors_info=\u00a0\u00bb{}\u00a0\u00bb][et_pb_row make_equal=\u00a0\u00bbon\u00a0\u00bb disabled_on=\u00a0\u00bbon|on|off\u00a0\u00bb _builder_version=\u00a0\u00bb4.9.2&Prime; _module_preset=\u00a0\u00bbdefault\u00a0\u00bb z_index=\u00a0\u00bb1&Prime; width=\u00a0\u00bb100%\u00a0\u00bb max_width=\u00a0\u00bb1390px\u00a0\u00bb module_alignment=\u00a0\u00bbright\u00a0\u00bb height_last_edited=\u00a0\u00bboff|desktop\u00a0\u00bb custom_margin=\u00a0\u00bb|0px|||false|false\u00a0\u00bb custom_padding=\u00a0\u00bb0px|0px|0px|4.5%|false|false\u00a0\u00bb global_colors_info=\u00a0\u00bb{}\u00a0\u00bb][et_pb_column type=\u00a0\u00bb4_4&Prime; _builder_version=\u00a0\u00bb4.9.2&Prime; _module_preset=\u00a0\u00bbdefault\u00a0\u00bb custom_padding=\u00a0\u00bb|0px|0px|0px|false|false\u00a0\u00bb custom_padding_tablet=\u00a0\u00bb1em|0px|0px|0px|false|false\u00a0\u00bb custom_padding_last_edited=\u00a0\u00bboff|desktop\u00a0\u00bb global_colors_info=\u00a0\u00bb{}\u00a0\u00bb][et_pb_text _builder_version=\u00a0\u00bb4.10.7&Prime; _module_preset=\u00a0\u00bbdefault\u00a0\u00bb text_font=\u00a0\u00bbPoppins|700|||||||\u00a0\u00bb text_text_color=\u00a0\u00bb#000000&Prime; text_font_size=\u00a0\u00bb2em\u00a0\u00bb text_line_height=\u00a0\u00bb1em\u00a0\u00bb custom_margin=\u00a0\u00bb||27px||false|false\u00a0\u00bb custom_margin_tablet=\u00a0\u00bb|10%|27px|10%|false|true\u00a0\u00bb custom_margin_phone=\u00a0\u00bb|||6%|false|false\u00a0\u00bb custom_margin_last_edited=\u00a0\u00bbon|tablet\u00a0\u00bb custom_padding=\u00a0\u00bb||||false|false\u00a0\u00bb text_font_size_tablet=\u00a0\u00bb\u00a0\u00bb text_font_size_phone=\u00a0\u00bb1.8em\u00a0\u00bb text_font_size_last_edited=\u00a0\u00bbon|phone\u00a0\u00bb global_colors_info=\u00a0\u00bb{}\u00a0\u00bb]CHAUFFE-EAU \u00c0 ACCUMULATION<br \/>\nILS SONT CONFORMES AUX NORMES SUIVANTES :[\/et_pb_text][\/et_pb_column][\/et_pb_row][et_pb_row column_structure=\u00a0\u00bb1_2,1_2&Prime; make_equal=\u00a0\u00bbon\u00a0\u00bb _builder_version=\u00a0\u00bb4.9.2&Prime; _module_preset=\u00a0\u00bbdefault\u00a0\u00bb z_index=\u00a0\u00bb1&Prime; width=\u00a0\u00bb100%\u00a0\u00bb max_width=\u00a0\u00bb1390px\u00a0\u00bb module_alignment=\u00a0\u00bbright\u00a0\u00bb height_last_edited=\u00a0\u00bboff|desktop\u00a0\u00bb custom_margin=\u00a0\u00bb|0px||0px|false|false\u00a0\u00bb custom_padding=\u00a0\u00bb0px|0px|0px|4.5%|false|false\u00a0\u00bb global_colors_info=\u00a0\u00bb{}\u00a0\u00bb][et_pb_column type=\u00a0\u00bb1_2&Prime; _builder_version=\u00a0\u00bb4.9.2&Prime; _module_preset=\u00a0\u00bbdefault\u00a0\u00bb custom_padding=\u00a0\u00bb|0px|0px|0px|false|false\u00a0\u00bb custom_padding_tablet=\u00a0\u00bb1em|0px|0px|0px|false|false\u00a0\u00bb custom_padding_last_edited=\u00a0\u00bboff|desktop\u00a0\u00bb global_colors_info=\u00a0\u00bb{}\u00a0\u00bb][et_pb_text _builder_version=\u00a0\u00bb4.11.1&Prime; _module_preset=\u00a0\u00bbdefault\u00a0\u00bb text_font=\u00a0\u00bbPoppins|200|||||||\u00a0\u00bb text_text_color=\u00a0\u00bb#000000&Prime; text_font_size=\u00a0\u00bb16px\u00a0\u00bb text_letter_spacing=\u00a0\u00bb2px\u00a0\u00bb text_line_height=\u00a0\u00bb1.8em\u00a0\u00bb link_text_color=\u00a0\u00bb#5E5E5E\u00a0\u00bb max_width=\u00a0\u00bb36em\u00a0\u00bb custom_margin=\u00a0\u00bb||17px||false|false\u00a0\u00bb custom_margin_tablet=\u00a0\u00bb|10%|17px|10%|false|true\u00a0\u00bb custom_margin_phone=\u00a0\u00bb\u00a0\u00bb custom_margin_last_edited=\u00a0\u00bbon|phone\u00a0\u00bb custom_padding=\u00a0\u00bb||||false|false\u00a0\u00bb hover_enabled=\u00a0\u00bb0&Prime; link_text_color_last_edited=\u00a0\u00bboff|desktop\u00a0\u00bb global_colors_info=\u00a0\u00bb{}\u00a0\u00bb link_text_color__hover_enabled=\u00a0\u00bbon|desktop\u00a0\u00bb link_text_color__hover=\u00a0\u00bb#000000&Prime; sticky_enabled=\u00a0\u00bb0&Prime;]<strong>\u2022 EN60335-1:2002 <\/strong>S\u00e9curit\u00e9 des appareils des utilisateurs<br \/>\ndomestique et similaire.<br \/>\nPartie 1 : r\u00e8gles g\u00e9n\u00e9rales.<br \/>\n<strong>\u2022 EN60335-2-21:2003<\/strong> S\u00e9curit\u00e9 des appareils<br \/>\n\u00e0 usage domestique et similaire.<br \/>\nPartie 2 : r\u00e8gles sp\u00e9ciales pour<br \/>\nchauffe-eau \u00e0 accumulation<br \/>\n<strong>\u2022 DIR 2004\/108\/EMC<\/strong><br \/>\n<strong>\u2022 DIR 2011\/65\/ROHS ROHS<\/strong><br \/>\n<strong>\u2022 DIR 2013\/812\/UE<\/strong> <strong>Ecolabel<\/strong><br \/>\n<strong>\u2022 DIR 2013\/814\/UE Ecodesign<\/strong><br \/>\n<strong>\u2022 PrEN50440:2013<\/strong> Efficacit\u00e9 \u00e9nerg\u00e9tique de<br \/>\nchauffe-eau domestiques \u00e0 accumulation<br \/>\n<strong>\u2022<\/strong> <strong>DIN 4753-3<\/strong> Protection anticorrosion avec<br \/>\ntraitement du verre<br \/>\n<strong>\u2022 EN 60379:2004<\/strong><br \/>\nM\u00e9thodes de mesure de la performance des chauffe-eau ad<br \/>\nstockage \u00e0 usage domestique<br \/>\n<strong>\u2022 EN10130 EN10111 <\/strong>T\u00d4LE<strong><br \/>\n<\/strong><strong>\u2022 EN12438:2015-DIN4753,T6-ISO 26202:07 <\/strong>MG ANODE<br \/>\n<strong>\u2022 EN 60335-1; EN60335-2-21 <\/strong>R\u00c9SISTANCES<br \/>\n<strong>\u2022 EN60730-1; EN60730-2-9 <\/strong>THERMOSTATS<strong><br \/>\n<\/strong><\/p>\n<p><strong>CERTIFICATS \u00c9TRANGERS :<\/strong><\/p>\n<p>\u2022 <a href=\"https:\/\/bandiniwaterheaters.com\/wp-content\/uploads\/2021\/10\/G-MARK-E-50-E-80-2020-combinato.pdf\" target=\"_blank\" rel=\"noopener\"><span style=\"text-decoration: underline;\"><strong>G-MARK<\/strong><\/span><\/a> (PAYS DU GOLF)<br \/>\n\u2022 <a href=\"https:\/\/bandiniwaterheaters.com\/wp-content\/uploads\/2021\/10\/SASO-30.pdf\" target=\"_blank\" rel=\"noopener\"><span style=\"text-decoration: underline;\"><strong>SASO<\/strong><\/span><\/a> (ARABIE SAOUDITE)<br \/>\n\u2022 <strong>ESMA<\/strong> (DUBAI)[\/et_pb_text][\/et_pb_column][et_pb_column type=\u00a0\u00bb1_2&Prime; _builder_version=\u00a0\u00bb4.9.0&Prime; _module_preset=\u00a0\u00bbdefault\u00a0\u00bb background_enable_image=\u00a0\u00bboff\u00a0\u00bb background_size=\u00a0\u00bbcontain\u00a0\u00bb global_colors_info=\u00a0\u00bb{}\u00a0\u00bb][et_pb_text _builder_version=\u00a0\u00bb4.9.2&Prime; _module_preset=\u00a0\u00bbdefault\u00a0\u00bb text_font=\u00a0\u00bbPoppins|200|||||||\u00a0\u00bb text_text_color=\u00a0\u00bb#000000&Prime; text_font_size=\u00a0\u00bb16px\u00a0\u00bb text_letter_spacing=\u00a0\u00bb2px\u00a0\u00bb text_line_height=\u00a0\u00bb1.8em\u00a0\u00bb max_width=\u00a0\u00bb36em\u00a0\u00bb custom_margin=\u00a0\u00bb||17px||false|false\u00a0\u00bb custom_margin_tablet=\u00a0\u00bb|10%|17px|10%|false|true\u00a0\u00bb custom_margin_phone=\u00a0\u00bb\u00a0\u00bb custom_margin_last_edited=\u00a0\u00bbon|phone\u00a0\u00bb custom_padding=\u00a0\u00bb||||false|false\u00a0\u00bb global_colors_info=\u00a0\u00bb{}\u00a0\u00bb]<strong>Entreprise certifi\u00e9e<\/strong><br \/>\n<strong>avec syst\u00e8me de gestion de la qualit\u00e9<\/strong><br \/>\n<strong>conforme aux normes<\/strong><br \/>\n<strong>UNI EN ISO 9001 2008<\/strong>[\/et_pb_text][et_pb_image src=\u00a0\u00bbhttps:\/\/bandiniwaterheaters.com\/wp-content\/uploads\/2021\/07\/certificato.jpg\u00a0\u00bb title_text=\u00a0\u00bbcertificato\u00a0\u00bb align=\u00a0\u00bbcenter\u00a0\u00bb disabled_on=\u00a0\u00bbon|off|off\u00a0\u00bb _builder_version=\u00a0\u00bb4.11.1&Prime; _module_preset=\u00a0\u00bbdefault\u00a0\u00bb background_image=\u00a0\u00bbhttps:\/\/bandiniwaterheaters.com\/wp-content\/uploads\/2021\/07\/certificato.jpg\u00a0\u00bb positioning=\u00a0\u00bbabsolute\u00a0\u00bb position_origin_a=\u00a0\u00bbtop_right\u00a0\u00bb vertical_offset=\u00a0\u00bb352px\u00a0\u00bb horizontal_offset=\u00a0\u00bb152px\u00a0\u00bb vertical_offset_tablet=\u00a0\u00bb-165px\u00a0\u00bb vertical_offset_phone=\u00a0\u00bb\u00a0\u00bb vertical_offset_last_edited=\u00a0\u00bbon|desktop\u00a0\u00bb horizontal_offset_tablet=\u00a0\u00bb60px\u00a0\u00bb horizontal_offset_phone=\u00a0\u00bb\u00a0\u00bb horizontal_offset_last_edited=\u00a0\u00bbon|desktop\u00a0\u00bb width=\u00a0\u00bb350px\u00a0\u00bb width_tablet=\u00a0\u00bb100%\u00a0\u00bb width_phone=\u00a0\u00bb\u00a0\u00bb width_last_edited=\u00a0\u00bbon|tablet\u00a0\u00bb max_width=\u00a0\u00bb350px\u00a0\u00bb max_width_tablet=\u00a0\u00bb250px\u00a0\u00bb max_width_phone=\u00a0\u00bb\u00a0\u00bb max_width_last_edited=\u00a0\u00bbon|tablet\u00a0\u00bb custom_margin=\u00a0\u00bb70px||||false|false\u00a0\u00bb border_width_all=\u00a0\u00bb1px\u00a0\u00bb border_color_all=\u00a0\u00bb#A0A0A0&Prime; global_colors_info=\u00a0\u00bb{}\u00a0\u00bb][\/et_pb_image][\/et_pb_column][\/et_pb_row][\/et_pb_section]<\/p>\n","protected":false},"excerpt":{"rendered":"<p>[rank_math_breadcrumb] Exp\u00e9rience, Recherche et la technologieDu choix de mat\u00e9riaux certifi\u00e9s \u00e0 l&rsquo;utilisation de technologies de pointe, Bandini est en mesure de garantir aux utilisateurs de ses produits une collection dont les points forts sont la technologie, la qualit\u00e9 et la r\u00e9sistance.CHAUFFE-EAU \u00c0 ACCUMULATION ILS SONT CONFORMES AUX NORMES SUIVANTES :CHAUFFE-EAU \u00c0 ACCUMULATION ILS SONT CONFORMES [&hellip;]<\/p>\n","protected":false},"author":12,"featured_media":0,"parent":0,"menu_order":0,"comment_status":"closed","ping_status":"closed","template":"","meta":{"_et_pb_use_builder":"on","_et_pb_old_content":"","_et_gb_content_width":""},"acf":[],"_links":{"self":[{"href":"https:\/\/bandiniwaterheaters.com\/fr\/wp-json\/wp\/v2\/pages\/34113"}],"collection":[{"href":"https:\/\/bandiniwaterheaters.com\/fr\/wp-json\/wp\/v2\/pages"}],"about":[{"href":"https:\/\/bandiniwaterheaters.com\/fr\/wp-json\/wp\/v2\/types\/page"}],"author":[{"embeddable":true,"href":"https:\/\/bandiniwaterheaters.com\/fr\/wp-json\/wp\/v2\/users\/12"}],"replies":[{"embeddable":true,"href":"https:\/\/bandiniwaterheaters.com\/fr\/wp-json\/wp\/v2\/comments?post=34113"}],"version-history":[{"count":2,"href":"https:\/\/bandiniwaterheaters.com\/fr\/wp-json\/wp\/v2\/pages\/34113\/revisions"}],"predecessor-version":[{"id":34115,"href":"https:\/\/bandiniwaterheaters.com\/fr\/wp-json\/wp\/v2\/pages\/34113\/revisions\/34115"}],"wp:attachment":[{"href":"https:\/\/bandiniwaterheaters.com\/fr\/wp-json\/wp\/v2\/media?parent=34113"}],"curies":[{"name":"wp","href":"https:\/\/api.w.org\/{rel}","templated":true}]}}