{"id":34910,"date":"2024-12-13T11:23:10","date_gmt":"2024-12-13T11:23:10","guid":{"rendered":"https:\/\/bandiniwaterheaters.com\/caracteristiques-des-produits-1\/"},"modified":"2024-12-13T11:23:11","modified_gmt":"2024-12-13T11:23:11","slug":"caracteristiques-des-produits-1","status":"publish","type":"page","link":"https:\/\/bandiniwaterheaters.com\/fr\/caracteristiques-des-produits-1\/","title":{"rendered":"Caract\u00e9ristiques des Produits 1"},"content":{"rendered":"<p>[et_pb_section fb_built=\u00a0\u00bb1&Prime; _builder_version=\u00a0\u00bb4.25.1&Prime; _module_preset=\u00a0\u00bbdefault\u00a0\u00bb global_colors_info=\u00a0\u00bb{}\u00a0\u00bb][et_pb_row column_structure=\u00a0\u00bb1_2,1_2&Prime; _builder_version=\u00a0\u00bb4.25.1&Prime; _module_preset=\u00a0\u00bbdefault\u00a0\u00bb width=\u00a0\u00bb97%\u00a0\u00bb max_width=\u00a0\u00bb1440px\u00a0\u00bb global_colors_info=\u00a0\u00bb{}\u00a0\u00bb][et_pb_column type=\u00a0\u00bb1_2&Prime; _builder_version=\u00a0\u00bb4.25.1&Prime; _module_preset=\u00a0\u00bbdefault\u00a0\u00bb global_colors_info=\u00a0\u00bb{}\u00a0\u00bb][et_pb_text _builder_version=\u00a0\u00bb4.9.7&Prime; _module_preset=\u00a0\u00bbdefault\u00a0\u00bb text_font=\u00a0\u00bbPoppins|200|||||||\u00a0\u00bb text_text_color=\u00a0\u00bb#000000&Prime; text_font_size=\u00a0\u00bb16px\u00a0\u00bb text_letter_spacing=\u00a0\u00bb2px\u00a0\u00bb text_line_height=\u00a0\u00bb1.8em\u00a0\u00bb max_width=\u00a0\u00bb36em\u00a0\u00bb custom_margin=\u00a0\u00bb||17px|10%|false|false\u00a0\u00bb custom_margin_tablet=\u00a0\u00bb|10%|17px|10%|false|true\u00a0\u00bb custom_margin_phone=\u00a0\u00bb\u00a0\u00bb custom_margin_last_edited=\u00a0\u00bbon|phone\u00a0\u00bb custom_padding=\u00a0\u00bb||||false|false\u00a0\u00bb global_module=\u00a0\u00bb26016&Prime; saved_tabs=\u00a0\u00bball\u00a0\u00bb locked=\u00a0\u00bboff\u00a0\u00bb global_colors_info=\u00a0\u00bb{}\u00a0\u00bb link_text_color__hover_enabled=\u00a0\u00bbon|hover\u00a0\u00bb link_text_color__hover=\u00a0\u00bb#85BF56&Prime;]<\/p>\n<p><span>[rank_math_breadcrumb]<\/span><\/p>\n<p>[\/et_pb_text][et_pb_text _builder_version=\u00a0\u00bb4.25.1&Prime; _module_preset=\u00a0\u00bbdefault\u00a0\u00bb text_font=\u00a0\u00bbPoppins|700|||||||\u00a0\u00bb text_text_color=\u00a0\u00bb#85BF56&Prime; text_font_size=\u00a0\u00bb63px\u00a0\u00bb text_line_height=\u00a0\u00bb1.1em\u00a0\u00bb custom_margin=\u00a0\u00bb||27px|10%|false|false\u00a0\u00bb custom_margin_tablet=\u00a0\u00bb|10%|27px|10%|false|true\u00a0\u00bb custom_margin_phone=\u00a0\u00bb\u00a0\u00bb custom_margin_last_edited=\u00a0\u00bbon|phone\u00a0\u00bb custom_padding=\u00a0\u00bb||||false|false\u00a0\u00bb text_font_size_tablet=\u00a0\u00bb\u00a0\u00bb text_font_size_phone=\u00a0\u00bb2.4em\u00a0\u00bb text_font_size_last_edited=\u00a0\u00bbon|phone\u00a0\u00bb locked=\u00a0\u00bboff\u00a0\u00bb global_colors_info=\u00a0\u00bb{}\u00a0\u00bb]<\/p>\n<p>La gamme de produits des professionnels<\/p>\n<p>[\/et_pb_text][et_pb_text _builder_version=\u00a0\u00bb4.25.1&Prime; _module_preset=\u00a0\u00bbdefault\u00a0\u00bb text_font=\u00a0\u00bbPoppins|200|||||||\u00a0\u00bb text_text_color=\u00a0\u00bb#000000&Prime; text_font_size=\u00a0\u00bb16px\u00a0\u00bb text_letter_spacing=\u00a0\u00bb2px\u00a0\u00bb text_line_height=\u00a0\u00bb1.8em\u00a0\u00bb max_width=\u00a0\u00bb36em\u00a0\u00bb custom_margin=\u00a0\u00bb||17px|10%|false|false\u00a0\u00bb custom_margin_tablet=\u00a0\u00bb|10%|17px|10%|false|true\u00a0\u00bb custom_margin_phone=\u00a0\u00bb\u00a0\u00bb custom_margin_last_edited=\u00a0\u00bbon|phone\u00a0\u00bb custom_padding=\u00a0\u00bb||||false|false\u00a0\u00bb locked=\u00a0\u00bboff\u00a0\u00bb global_colors_info=\u00a0\u00bb{}\u00a0\u00bb]<\/p>\n<p>Les solutions Bandini sont con\u00e7ues pour r\u00e9pondre aux besoins des revendeurs et des installateurs, offrant des produits fiables, faciles \u00e0 installer et n\u00e9cessitant peu d&rsquo;entretien. Nos chauffe-eaux, disponibles en diff\u00e9rentes capacit\u00e9s et tailles, sont synonymes de long\u00e9vit\u00e9 et de performances excellentes, simplifiant le travail des installateurs et am\u00e9liorant l&rsquo;efficacit\u00e9 op\u00e9rationnelle.<\/p>\n<p>[\/et_pb_text][\/et_pb_column][et_pb_column type=\u00a0\u00bb1_2&Prime; _builder_version=\u00a0\u00bb4.25.1&Prime; _module_preset=\u00a0\u00bbdefault\u00a0\u00bb global_colors_info=\u00a0\u00bb{}\u00a0\u00bb][et_pb_image src=\u00a0\u00bbhttps:\/\/bandiniwaterheaters.com\/wp-content\/uploads\/2024\/08\/bozza-immagine-per-home-bandini.png\u00a0\u00bb title_text=\u00a0\u00bbbozza immagine per home bandini\u00a0\u00bb _builder_version=\u00a0\u00bb4.25.1&Prime; _module_preset=\u00a0\u00bbdefault\u00a0\u00bb max_width=\u00a0\u00bb74%\u00a0\u00bb custom_margin=\u00a0\u00bb-28px||||false|false\u00a0\u00bb hover_enabled=\u00a0\u00bb0&Prime; global_colors_info=\u00a0\u00bb{}\u00a0\u00bb sticky_enabled=\u00a0\u00bb0&Prime;][\/et_pb_image][\/et_pb_column][\/et_pb_row][\/et_pb_section][et_pb_section fb_built=\u00a0\u00bb1&Prime; _builder_version=\u00a0\u00bb4.25.1&Prime; _module_preset=\u00a0\u00bbdefault\u00a0\u00bb background_color=\u00a0\u00bb#85BF56&Prime; background_image=\u00a0\u00bbhttps:\/\/bandiniwaterheaters.com\/wp-content\/uploads\/2024\/08\/texture.png\u00a0\u00bb global_colors_info=\u00a0\u00bb{}\u00a0\u00bb][et_pb_row _builder_version=\u00a0\u00bb4.25.1&Prime; _module_preset=\u00a0\u00bbdefault\u00a0\u00bb custom_margin=\u00a0\u00bb|||144px|false|false\u00a0\u00bb custom_padding=\u00a0\u00bb|||0px|false|false\u00a0\u00bb hover_enabled=\u00a0\u00bb0&Prime; global_colors_info=\u00a0\u00bb{}\u00a0\u00bb custom_margin_last_edited=\u00a0\u00bbon|phone\u00a0\u00bb custom_margin_phone=\u00a0\u00bb|||0px|false|false\u00a0\u00bb sticky_enabled=\u00a0\u00bb0&Prime; width=\u00a0\u00bb100%\u00a0\u00bb custom_margin_tablet=\u00a0\u00bb|||144px|false|false\u00a0\u00bb][et_pb_column type=\u00a0\u00bb4_4&Prime; _builder_version=\u00a0\u00bb4.25.1&Prime; _module_preset=\u00a0\u00bbdefault\u00a0\u00bb global_colors_info=\u00a0\u00bb{}\u00a0\u00bb][et_pb_text _builder_version=\u00a0\u00bb4.25.1&Prime; _module_preset=\u00a0\u00bbdefault\u00a0\u00bb text_font=\u00a0\u00bbPoppins|700|||||||\u00a0\u00bb text_text_color=\u00a0\u00bb#FFFFFF\u00a0\u00bb text_font_size=\u00a0\u00bb30px\u00a0\u00bb text_line_height=\u00a0\u00bb1.1em\u00a0\u00bb custom_margin=\u00a0\u00bb||27px|10%|false|false\u00a0\u00bb custom_margin_tablet=\u00a0\u00bb|10%|27px|10%|false|true\u00a0\u00bb custom_margin_phone=\u00a0\u00bb\u00a0\u00bb custom_margin_last_edited=\u00a0\u00bbon|phone\u00a0\u00bb custom_padding=\u00a0\u00bb||||false|false\u00a0\u00bb hover_enabled=\u00a0\u00bb0&Prime; text_font_size_tablet=\u00a0\u00bb\u00a0\u00bb text_font_size_phone=\u00a0\u00bb2.4em\u00a0\u00bb text_font_size_last_edited=\u00a0\u00bbon|phone\u00a0\u00bb locked=\u00a0\u00bboff\u00a0\u00bb global_colors_info=\u00a0\u00bb{}\u00a0\u00bb content_last_edited=\u00a0\u00bbon|phone\u00a0\u00bb content_phone=\u00a0\u00bb<\/p>\n<p style=%22text-align: center;%22>Simplicit\u00e9 d&apos;installation et choix du produit<\/p>\n<p>\u00a0\u00bb sticky_enabled=\u00a0\u00bb0&Prime; content_tablet=\u00a0\u00bb<\/p>\n<p style=%22text-align: left;%22>Simplicit\u00e9 d&apos;installation et choix du produit<\/p>\n<p>\u00ab\u00a0]<\/p>\n<p style=\"text-align: left;\">Simplicit\u00e9 d&rsquo;installation et choix du produit<\/p>\n<p>[\/et_pb_text][et_pb_text _builder_version=\u00a0\u00bb4.25.1&Prime; _module_preset=\u00a0\u00bbdefault\u00a0\u00bb text_font=\u00a0\u00bbPoppins||||||||\u00a0\u00bb text_text_color=\u00a0\u00bb#FFFFFF\u00a0\u00bb custom_margin=\u00a0\u00bb|||98px|false|false\u00a0\u00bb hover_enabled=\u00a0\u00bb0&Prime; global_colors_info=\u00a0\u00bb{}\u00a0\u00bb custom_padding=\u00a0\u00bb|||0px||\u00a0\u00bb custom_margin_last_edited=\u00a0\u00bbon|phone\u00a0\u00bb custom_margin_phone=\u00a0\u00bb|||0px|false|false\u00a0\u00bb content_last_edited=\u00a0\u00bbon|phone\u00a0\u00bb content_phone=\u00a0\u00bb<\/p>\n<p style=%22text-align: center;%22>Les produits Bandini sont con\u00e7us pour garantir une installation facile et un service rapide. Les besoins en eau peuvent \u00eatre facilement d\u00e9termin\u00e9s, aidant ainsi les revendeurs \u00e0 conseiller la solution la plus adapt\u00e9e \u00e0 leurs clients et permettant aux installateurs de r\u00e9duire les temps d&apos;intervention sur le terrain. Chaque mod\u00e8le Bandini assure des r\u00e9sultats fiables et performants.<\/p>\n<p>\u00a0\u00bb sticky_enabled=\u00a0\u00bb0&Prime; custom_margin_tablet=\u00a0\u00bb|||98px|false|false\u00a0\u00bb content_tablet=\u00a0\u00bb<\/p>\n<p>Les produits Bandini sont con\u00e7us pour garantir une installation facile et un service rapide. Les besoins en eau peuvent \u00eatre facilement d\u00e9termin\u00e9s, aidant ainsi les revendeurs \u00e0 conseiller la solution la plus adapt\u00e9e \u00e0 leurs clients et permettant aux installateurs de r\u00e9duire les temps d&apos;intervention sur le terrain. Chaque mod\u00e8le Bandini assure des r\u00e9sultats fiables et performants.<\/p>\n<p>\u00ab\u00a0]<\/p>\n<p>Les produits Bandini sont con\u00e7us pour garantir une installation facile et un service rapide. Les besoins en eau peuvent \u00eatre facilement d\u00e9termin\u00e9s, aidant ainsi les revendeurs \u00e0 conseiller la solution la plus adapt\u00e9e \u00e0 leurs clients et permettant aux installateurs de r\u00e9duire les temps d&rsquo;intervention sur le terrain. Chaque mod\u00e8le Bandini assure des r\u00e9sultats fiables et performants.<\/p>\n<p>[\/et_pb_text][\/et_pb_column][\/et_pb_row][et_pb_row _builder_version=\u00a0\u00bb4.25.1&Prime; _module_preset=\u00a0\u00bbdefault\u00a0\u00bb custom_margin=\u00a0\u00bb|||445px|false|false\u00a0\u00bb custom_padding=\u00a0\u00bb|0px||0px|false|false\u00a0\u00bb global_colors_info=\u00a0\u00bb{}\u00a0\u00bb][et_pb_column type=\u00a0\u00bb4_4&Prime; _builder_version=\u00a0\u00bb4.25.1&Prime; _module_preset=\u00a0\u00bbdefault\u00a0\u00bb global_colors_info=\u00a0\u00bb{}\u00a0\u00bb][et_pb_image src=\u00a0\u00bbhttps:\/\/bandiniwaterheaters.com\/wp-content\/uploads\/2024\/10\/tabella-1-2.png\u00a0\u00bb title_text=\u00a0\u00bbtabella-1&Prime; align=\u00a0\u00bbcenter\u00a0\u00bb force_fullwidth=\u00a0\u00bbon\u00a0\u00bb _builder_version=\u00a0\u00bb4.25.1&Prime; _module_preset=\u00a0\u00bbdefault\u00a0\u00bb custom_margin=\u00a0\u00bb|||0px|false|false\u00a0\u00bb custom_padding=\u00a0\u00bb|0px||0px|false|false\u00a0\u00bb global_colors_info=\u00a0\u00bb{}\u00a0\u00bb][\/et_pb_image][\/et_pb_column][\/et_pb_row][et_pb_row column_structure=\u00a0\u00bb1_2,1_2&Prime; _builder_version=\u00a0\u00bb4.25.1&Prime; _module_preset=\u00a0\u00bbdefault\u00a0\u00bb max_width=\u00a0\u00bb1464px\u00a0\u00bb hover_enabled=\u00a0\u00bb0&Prime; global_colors_info=\u00a0\u00bb{}\u00a0\u00bb sticky_enabled=\u00a0\u00bb0&Prime;][et_pb_column type=\u00a0\u00bb1_2&Prime; _builder_version=\u00a0\u00bb4.25.1&Prime; _module_preset=\u00a0\u00bbdefault\u00a0\u00bb global_colors_info=\u00a0\u00bb{}\u00a0\u00bb][et_pb_image src=\u00a0\u00bbhttps:\/\/bandiniwaterheaters.com\/wp-content\/uploads\/2024\/10\/sv4-1-removebg-preview.png\u00a0\u00bb title_text=\u00a0\u00bbsv4-1-removebg-preview\u00a0\u00bb _builder_version=\u00a0\u00bb4.25.1&Prime; _module_preset=\u00a0\u00bbdefault\u00a0\u00bb custom_margin=\u00a0\u00bb-70px|0px|0px|0px|false|false\u00a0\u00bb custom_padding=\u00a0\u00bb0px||||false|false\u00a0\u00bb global_colors_info=\u00a0\u00bb{}\u00a0\u00bb][\/et_pb_image][\/et_pb_column][et_pb_column type=\u00a0\u00bb1_2&Prime; _builder_version=\u00a0\u00bb4.25.1&Prime; _module_preset=\u00a0\u00bbdefault\u00a0\u00bb global_colors_info=\u00a0\u00bb{}\u00a0\u00bb][et_pb_text _builder_version=\u00a0\u00bb4.25.1&Prime; _module_preset=\u00a0\u00bbdefault\u00a0\u00bb text_font=\u00a0\u00bbPoppins|700|||||||\u00a0\u00bb text_text_color=\u00a0\u00bb#FFFFFF\u00a0\u00bb text_font_size=\u00a0\u00bb30px\u00a0\u00bb text_line_height=\u00a0\u00bb1.1em\u00a0\u00bb custom_margin=\u00a0\u00bb28px||27px|10%|false|false\u00a0\u00bb custom_margin_tablet=\u00a0\u00bb|10%|27px|10%|false|true\u00a0\u00bb custom_margin_phone=\u00a0\u00bb\u00a0\u00bb custom_margin_last_edited=\u00a0\u00bbon|phone\u00a0\u00bb custom_padding=\u00a0\u00bb||||false|false\u00a0\u00bb hover_enabled=\u00a0\u00bb0&Prime; text_font_size_tablet=\u00a0\u00bb\u00a0\u00bb text_font_size_phone=\u00a0\u00bb2.4em\u00a0\u00bb text_font_size_last_edited=\u00a0\u00bbon|phone\u00a0\u00bb locked=\u00a0\u00bboff\u00a0\u00bb global_colors_info=\u00a0\u00bb{}\u00a0\u00bb content_last_edited=\u00a0\u00bbon|phone\u00a0\u00bb content_phone=\u00a0\u00bb<\/p>\n<p style=%22text-align: center;%22>Positionnement optimal pour une efficacit\u00e9 maximale<\/p>\n<p>\u00a0\u00bb sticky_enabled=\u00a0\u00bb0&Prime; content_tablet=\u00a0\u00bb<\/p>\n<p style=%22text-align:left;%22>Positionnement optimal pour une efficacit\u00e9 maximale<\/p>\n<p>\u00ab\u00a0]<\/p>\n<p style=\"text-align:left;\">Positionnement optimal pour une efficacit\u00e9 maximale<\/p>\n<p>[\/et_pb_text][et_pb_text _builder_version=\u00a0\u00bb4.25.1&Prime; _module_preset=\u00a0\u00bbdefault\u00a0\u00bb text_font=\u00a0\u00bbPoppins||||||||\u00a0\u00bb text_text_color=\u00a0\u00bb#FFFFFF\u00a0\u00bb custom_margin=\u00a0\u00bb|||67px|false|false\u00a0\u00bb hover_enabled=\u00a0\u00bb0&Prime; locked=\u00a0\u00bboff\u00a0\u00bb global_colors_info=\u00a0\u00bb{}\u00a0\u00bb content_last_edited=\u00a0\u00bbon|phone\u00a0\u00bb content_phone=\u00a0\u00bb<\/p>\n<p style=%22text-align: center;%22>Bandini soutient les installateurs et les revendeurs dans le choix strat\u00e9gique du positionnement du chauffe-eau. Notre gamme est con\u00e7ue pour minimiser les pertes de chaleur, garantissant des \u00e9conomies d&apos;\u00e9nergie et des performances constantes, r\u00e9duisant ainsi les probl\u00e8mes de service apr\u00e8s-installation.<\/p>\n<p>\u00a0\u00bb custom_margin_last_edited=\u00a0\u00bbon|phone\u00a0\u00bb custom_margin_phone=\u00a0\u00bb|||0px|false|false\u00a0\u00bb sticky_enabled=\u00a0\u00bb0&Prime; content_tablet=\u00a0\u00bb<\/p>\n<p>Bandini soutient les installateurs et les revendeurs dans le choix strat\u00e9gique du positionnement du chauffe-eau. Notre gamme est con\u00e7ue pour minimiser les pertes de chaleur, garantissant des \u00e9conomies d&apos;\u00e9nergie et des performances constantes, r\u00e9duisant ainsi les probl\u00e8mes de service apr\u00e8s-installation.<\/p>\n<p>\u00a0\u00bb custom_margin_tablet=\u00a0\u00bb|||67px|false|false\u00a0\u00bb]<\/p>\n<p>Bandini soutient les installateurs et les revendeurs dans le choix strat\u00e9gique du positionnement du chauffe-eau. Notre gamme est con\u00e7ue pour minimiser les pertes de chaleur, garantissant des \u00e9conomies d&rsquo;\u00e9nergie et des performances constantes, r\u00e9duisant ainsi les probl\u00e8mes de service apr\u00e8s-installation.<\/p>\n<p>[\/et_pb_text][et_pb_text _builder_version=\u00a0\u00bb4.25.1&Prime; _module_preset=\u00a0\u00bbdefault\u00a0\u00bb text_font=\u00a0\u00bbPoppins|700|||||||\u00a0\u00bb text_text_color=\u00a0\u00bb#FFFFFF\u00a0\u00bb text_font_size=\u00a0\u00bb30px\u00a0\u00bb text_line_height=\u00a0\u00bb1.1em\u00a0\u00bb custom_margin=\u00a0\u00bb||27px|10%|false|false\u00a0\u00bb custom_margin_tablet=\u00a0\u00bb|10%|27px|10%|false|true\u00a0\u00bb custom_margin_phone=\u00a0\u00bb\u00a0\u00bb custom_margin_last_edited=\u00a0\u00bbon|phone\u00a0\u00bb custom_padding=\u00a0\u00bb||||false|false\u00a0\u00bb hover_enabled=\u00a0\u00bb0&Prime; text_font_size_tablet=\u00a0\u00bb\u00a0\u00bb text_font_size_phone=\u00a0\u00bb2.4em\u00a0\u00bb text_font_size_last_edited=\u00a0\u00bbon|phone\u00a0\u00bb locked=\u00a0\u00bboff\u00a0\u00bb global_colors_info=\u00a0\u00bb{}\u00a0\u00bb content_last_edited=\u00a0\u00bbon|phone\u00a0\u00bb content_phone=\u00a0\u00bb<\/p>\n<p style=%22text-align: center;%22>S\u00e9curit\u00e9 et Fiabilit\u00e9<\/p>\n<p>\u00a0\u00bb sticky_enabled=\u00a0\u00bb0&Prime; content_tablet=\u00a0\u00bb<\/p>\n<p style=%22text-align: left;%22>S\u00e9curit\u00e9 et Fiabilit\u00e9<\/p>\n<p>\u00ab\u00a0]<\/p>\n<p style=\"text-align: left;\">S\u00e9curit\u00e9 et Fiabilit\u00e9<\/p>\n<p>[\/et_pb_text][et_pb_text _builder_version=\u00a0\u00bb4.25.1&Prime; _module_preset=\u00a0\u00bbdefault\u00a0\u00bb text_font=\u00a0\u00bbPoppins||||||||\u00a0\u00bb text_text_color=\u00a0\u00bb#FFFFFF\u00a0\u00bb custom_margin=\u00a0\u00bb|||67px|false|false\u00a0\u00bb hover_enabled=\u00a0\u00bb0&Prime; locked=\u00a0\u00bboff\u00a0\u00bb global_colors_info=\u00a0\u00bb{}\u00a0\u00bb custom_margin_last_edited=\u00a0\u00bbon|phone\u00a0\u00bb custom_margin_phone=\u00a0\u00bb|||0px|false|false\u00a0\u00bb content_last_edited=\u00a0\u00bbon|phone\u00a0\u00bb content_phone=\u00a0\u00bb<\/p>\n<p style=%22text-align: center;%22>Les revendeurs et les installateurs peuvent compter sur la qualit\u00e9 des composants Bandini, tels que le thermostat bipolaire et la vanne de s\u00e9curit\u00e9, con\u00e7us pour garantir une s\u00e9curit\u00e9 maximale. Ces syst\u00e8mes pr\u00e9viennent les surpressions et les dysfonctionnements, limitant ainsi les risques et r\u00e9duisant les interventions de maintenance, assurant la continuit\u00e9 du service.<\/p>\n<p>\u00a0\u00bb sticky_enabled=\u00a0\u00bb0&Prime; custom_margin_tablet=\u00a0\u00bb|||67px|false|false\u00a0\u00bb content_tablet=\u00a0\u00bb<\/p>\n<p>Les revendeurs et les installateurs peuvent compter sur la qualit\u00e9 des composants Bandini, tels que le thermostat bipolaire et la vanne de s\u00e9curit\u00e9, con\u00e7us pour garantir une s\u00e9curit\u00e9 maximale. Ces syst\u00e8mes pr\u00e9viennent les surpressions et les dysfonctionnements, limitant ainsi les risques et r\u00e9duisant les interventions de maintenance, assurant la continuit\u00e9 du service.<\/p>\n<p>\u00ab\u00a0]<\/p>\n<p>Les revendeurs et les installateurs peuvent compter sur la qualit\u00e9 des composants Bandini, tels que le thermostat bipolaire et la vanne de s\u00e9curit\u00e9, con\u00e7us pour garantir une s\u00e9curit\u00e9 maximale. Ces syst\u00e8mes pr\u00e9viennent les surpressions et les dysfonctionnements, limitant ainsi les risques et r\u00e9duisant les interventions de maintenance, assurant la continuit\u00e9 du service.<\/p>\n<p>[\/et_pb_text][\/et_pb_column][\/et_pb_row][\/et_pb_section]<\/p>\n","protected":false},"excerpt":{"rendered":"<p>[rank_math_breadcrumb] La gamme de produits des professionnelsLes solutions Bandini sont con\u00e7ues pour r\u00e9pondre aux besoins des revendeurs et des installateurs, offrant des produits fiables, faciles \u00e0 installer et n\u00e9cessitant peu d&rsquo;entretien. Nos chauffe-eaux, disponibles en diff\u00e9rentes capacit\u00e9s et tailles, sont synonymes de long\u00e9vit\u00e9 et de performances excellentes, simplifiant le travail des installateurs et am\u00e9liorant l&rsquo;efficacit\u00e9 [&hellip;]<\/p>\n","protected":false},"author":13,"featured_media":0,"parent":0,"menu_order":0,"comment_status":"closed","ping_status":"closed","template":"","meta":{"_et_pb_use_builder":"on","_et_pb_old_content":"","_et_gb_content_width":""},"acf":[],"_links":{"self":[{"href":"https:\/\/bandiniwaterheaters.com\/fr\/wp-json\/wp\/v2\/pages\/34910"}],"collection":[{"href":"https:\/\/bandiniwaterheaters.com\/fr\/wp-json\/wp\/v2\/pages"}],"about":[{"href":"https:\/\/bandiniwaterheaters.com\/fr\/wp-json\/wp\/v2\/types\/page"}],"author":[{"embeddable":true,"href":"https:\/\/bandiniwaterheaters.com\/fr\/wp-json\/wp\/v2\/users\/13"}],"replies":[{"embeddable":true,"href":"https:\/\/bandiniwaterheaters.com\/fr\/wp-json\/wp\/v2\/comments?post=34910"}],"version-history":[{"count":2,"href":"https:\/\/bandiniwaterheaters.com\/fr\/wp-json\/wp\/v2\/pages\/34910\/revisions"}],"predecessor-version":[{"id":34912,"href":"https:\/\/bandiniwaterheaters.com\/fr\/wp-json\/wp\/v2\/pages\/34910\/revisions\/34912"}],"wp:attachment":[{"href":"https:\/\/bandiniwaterheaters.com\/fr\/wp-json\/wp\/v2\/media?parent=34910"}],"curies":[{"name":"wp","href":"https:\/\/api.w.org\/{rel}","templated":true}]}}