{"id":34917,"date":"2024-12-13T12:56:16","date_gmt":"2024-12-13T12:56:16","guid":{"rendered":"https:\/\/bandiniwaterheaters.com\/nos-certifications-1\/"},"modified":"2024-12-13T12:56:17","modified_gmt":"2024-12-13T12:56:17","slug":"nos-certifications-1","status":"publish","type":"page","link":"https:\/\/bandiniwaterheaters.com\/fr\/nos-certifications-1\/","title":{"rendered":"Nos certifications 1&Prime;"},"content":{"rendered":"<p>[et_pb_section fb_built=\u00a0\u00bb1&Prime; _builder_version=\u00a0\u00bb4.25.1&Prime; _module_preset=\u00a0\u00bbdefault\u00a0\u00bb global_colors_info=\u00a0\u00bb{}\u00a0\u00bb][et_pb_row column_structure=\u00a0\u00bb1_2,1_2&Prime; _builder_version=\u00a0\u00bb4.25.1&Prime; _module_preset=\u00a0\u00bbdefault\u00a0\u00bb width=\u00a0\u00bb100%\u00a0\u00bb max_width=\u00a0\u00bb1385px\u00a0\u00bb global_colors_info=\u00a0\u00bb{}\u00a0\u00bb][et_pb_column type=\u00a0\u00bb1_2&Prime; _builder_version=\u00a0\u00bb4.25.1&Prime; _module_preset=\u00a0\u00bbdefault\u00a0\u00bb global_colors_info=\u00a0\u00bb{}\u00a0\u00bb][et_pb_text _builder_version=\u00a0\u00bb4.9.7&Prime; _module_preset=\u00a0\u00bbdefault\u00a0\u00bb text_font=\u00a0\u00bbPoppins|200|||||||\u00a0\u00bb text_text_color=\u00a0\u00bb#000000&Prime; text_font_size=\u00a0\u00bb16px\u00a0\u00bb text_letter_spacing=\u00a0\u00bb2px\u00a0\u00bb text_line_height=\u00a0\u00bb1.8em\u00a0\u00bb max_width=\u00a0\u00bb36em\u00a0\u00bb custom_margin=\u00a0\u00bb||17px|10%|false|false\u00a0\u00bb custom_margin_tablet=\u00a0\u00bb|10%|17px|10%|false|true\u00a0\u00bb custom_margin_phone=\u00a0\u00bb\u00a0\u00bb custom_margin_last_edited=\u00a0\u00bbon|phone\u00a0\u00bb custom_padding=\u00a0\u00bb||||false|false\u00a0\u00bb global_module=\u00a0\u00bb26016&Prime; locked=\u00a0\u00bboff\u00a0\u00bb global_colors_info=\u00a0\u00bb{}\u00a0\u00bb link_text_color__hover_enabled=\u00a0\u00bbon|hover\u00a0\u00bb link_text_color__hover=\u00a0\u00bb#85BF56&Prime;]<\/p>\n<p><span>[rank_math_breadcrumb]<\/span><\/p>\n<p>[\/et_pb_text][et_pb_text _builder_version=\u00a0\u00bb4.25.1&Prime; _module_preset=\u00a0\u00bbdefault\u00a0\u00bb text_font=\u00a0\u00bbPoppins|700|||||||\u00a0\u00bb text_text_color=\u00a0\u00bb#85BF56&Prime; text_font_size=\u00a0\u00bb3em\u00a0\u00bb text_line_height=\u00a0\u00bb1em\u00a0\u00bb width=\u00a0\u00bb100%\u00a0\u00bb custom_margin=\u00a0\u00bb||20px|10%|false|false\u00a0\u00bb custom_margin_tablet=\u00a0\u00bb|10%|0px|14%|false|false\u00a0\u00bb custom_margin_phone=\u00a0\u00bb|||10%|false|false\u00a0\u00bb custom_margin_last_edited=\u00a0\u00bbon|desktop\u00a0\u00bb custom_padding=\u00a0\u00bb||14px||false|false\u00a0\u00bb text_font_size_tablet=\u00a0\u00bb\u00a0\u00bb text_font_size_phone=\u00a0\u00bb2.4em\u00a0\u00bb text_font_size_last_edited=\u00a0\u00bbon|tablet\u00a0\u00bb locked=\u00a0\u00bboff\u00a0\u00bb global_colors_info=\u00a0\u00bb{}\u00a0\u00bb]<\/p>\n<p>Synonyme de garantie pour les professionnels<\/p>\n<p>[\/et_pb_text][et_pb_text _builder_version=\u00a0\u00bb4.25.1&Prime; _module_preset=\u00a0\u00bbdefault\u00a0\u00bb text_font=\u00a0\u00bbPoppins|200|||||||\u00a0\u00bb text_text_color=\u00a0\u00bb#000000&Prime; text_font_size=\u00a0\u00bb16px\u00a0\u00bb text_letter_spacing=\u00a0\u00bb2px\u00a0\u00bb text_line_height=\u00a0\u00bb1.5em\u00a0\u00bb custom_margin=\u00a0\u00bb||20px|10%|false|false\u00a0\u00bb custom_margin_tablet=\u00a0\u00bb|10%|0px|14%|false|false\u00a0\u00bb custom_margin_phone=\u00a0\u00bb|||10%|false|false\u00a0\u00bb custom_margin_last_edited=\u00a0\u00bbon|desktop\u00a0\u00bb custom_padding=\u00a0\u00bb||14px||false|false\u00a0\u00bb text_font_size_phone=\u00a0\u00bb2.4em\u00a0\u00bb text_font_size_last_edited=\u00a0\u00bboff|desktop\u00a0\u00bb locked=\u00a0\u00bboff\u00a0\u00bb global_colors_info=\u00a0\u00bb{}\u00a0\u00bb]<\/p>\n<p>Chez Bandini, chaque \u00e9tape de la production est soumise \u00e0 de <strong>rigoureux contr\u00f4les de qualit\u00e9<\/strong> et \u00e0 la conformit\u00e9 aux <strong>normes internationales<\/strong>. De la s\u00e9lection des mat\u00e9riaux certifi\u00e9s \u00e0 la conception avec des technologies de pointe, nous <strong>nous engageons<\/strong> \u00e0 offrir aux <strong>revendeurs et installateurs<\/strong> une gamme de produits qui <strong>excelle par sa fiabilit\u00e9<\/strong>, son efficacit\u00e9 et sa durabilit\u00e9. <strong>Bandini est la marque des professionnels<\/strong><\/p>\n<p>[\/et_pb_text][\/et_pb_column][et_pb_column type=\u00a0\u00bb1_2&Prime; _builder_version=\u00a0\u00bb4.25.1&Prime; _module_preset=\u00a0\u00bbdefault\u00a0\u00bb global_colors_info=\u00a0\u00bb{}\u00a0\u00bb][et_pb_image src=\u00a0\u00bbhttps:\/\/bandiniwaterheaters.com\/wp-content\/uploads\/2024\/09\/Lenostre-certificazioni.jpg\u00a0\u00bb title_text=\u00a0\u00bbLenostre certificazioni\u00a0\u00bb _builder_version=\u00a0\u00bb4.25.1&Prime; _module_preset=\u00a0\u00bbdefault\u00a0\u00bb custom_padding=\u00a0\u00bb24px||||false|false\u00a0\u00bb global_colors_info=\u00a0\u00bb{}\u00a0\u00bb][\/et_pb_image][\/et_pb_column][\/et_pb_row][\/et_pb_section][et_pb_section fb_built=\u00a0\u00bb1&Prime; _builder_version=\u00a0\u00bb4.25.1&Prime; _module_preset=\u00a0\u00bbdefault\u00a0\u00bb background_color=\u00a0\u00bb#85bf56&Prime; background_image=\u00a0\u00bbhttps:\/\/bandiniwaterheaters.com\/wp-content\/uploads\/2024\/09\/texture.png\u00a0\u00bb custom_margin=\u00a0\u00bb||0px||false|false\u00a0\u00bb custom_padding=\u00a0\u00bb||333px||false|false\u00a0\u00bb hover_enabled=\u00a0\u00bb0&Prime; global_colors_info=\u00a0\u00bb{}\u00a0\u00bb custom_padding_last_edited=\u00a0\u00bbon|phone\u00a0\u00bb custom_padding_phone=\u00a0\u00bb||100px||false|false\u00a0\u00bb sticky_enabled=\u00a0\u00bb0&Prime; custom_padding_tablet=\u00a0\u00bb||333px||false|false\u00a0\u00bb][et_pb_row _builder_version=\u00a0\u00bb4.25.1&Prime; _module_preset=\u00a0\u00bbdefault\u00a0\u00bb global_colors_info=\u00a0\u00bb{}\u00a0\u00bb][et_pb_column type=\u00a0\u00bb4_4&Prime; _builder_version=\u00a0\u00bb4.25.1&Prime; _module_preset=\u00a0\u00bbdefault\u00a0\u00bb global_colors_info=\u00a0\u00bb{}\u00a0\u00bb][et_pb_text _builder_version=\u00a0\u00bb4.25.1&Prime; _module_preset=\u00a0\u00bbdefault\u00a0\u00bb text_font=\u00a0\u00bbPoppins|700|||||||\u00a0\u00bb text_text_color=\u00a0\u00bb#FFFFFF\u00a0\u00bb text_font_size=\u00a0\u00bb2em\u00a0\u00bb text_line_height=\u00a0\u00bb1em\u00a0\u00bb text_orientation=\u00a0\u00bbcenter\u00a0\u00bb custom_margin=\u00a0\u00bb||27px||false|false\u00a0\u00bb custom_margin_tablet=\u00a0\u00bb|10%|27px|10%|false|true\u00a0\u00bb custom_margin_phone=\u00a0\u00bb|||6%|false|false\u00a0\u00bb custom_margin_last_edited=\u00a0\u00bbon|tablet\u00a0\u00bb custom_padding=\u00a0\u00bb||||false|false\u00a0\u00bb text_font_size_tablet=\u00a0\u00bb\u00a0\u00bb text_font_size_phone=\u00a0\u00bb1.8em\u00a0\u00bb text_font_size_last_edited=\u00a0\u00bbon|phone\u00a0\u00bb locked=\u00a0\u00bboff\u00a0\u00bb global_colors_info=\u00a0\u00bb{}\u00a0\u00bb]<\/p>\n<p>NOS PRODUITS<br \/>SONT CONFORMES AUX NORMES SUIVANTES<\/p>\n<p>[\/et_pb_text][\/et_pb_column][\/et_pb_row][et_pb_row column_structure=\u00a0\u00bb1_2,1_2&Prime; _builder_version=\u00a0\u00bb4.25.1&Prime; _module_preset=\u00a0\u00bbdefault\u00a0\u00bb global_colors_info=\u00a0\u00bb{}\u00a0\u00bb][et_pb_column type=\u00a0\u00bb1_2&Prime; _builder_version=\u00a0\u00bb4.25.1&Prime; _module_preset=\u00a0\u00bbdefault\u00a0\u00bb global_colors_info=\u00a0\u00bb{}\u00a0\u00bb][et_pb_text _builder_version=\u00a0\u00bb4.25.1&Prime; _module_preset=\u00a0\u00bbdefault\u00a0\u00bb text_font=\u00a0\u00bbPoppins|200|||||||\u00a0\u00bb text_text_color=\u00a0\u00bb#FFFFFF\u00a0\u00bb text_font_size=\u00a0\u00bb16px\u00a0\u00bb text_letter_spacing=\u00a0\u00bb2px\u00a0\u00bb text_line_height=\u00a0\u00bb1.8em\u00a0\u00bb link_text_color=\u00a0\u00bb#5E5E5E\u00a0\u00bb max_width=\u00a0\u00bb36em\u00a0\u00bb custom_margin=\u00a0\u00bb||17px||false|false\u00a0\u00bb custom_margin_tablet=\u00a0\u00bb|10%|17px|10%|false|true\u00a0\u00bb custom_margin_phone=\u00a0\u00bb\u00a0\u00bb custom_margin_last_edited=\u00a0\u00bbon|phone\u00a0\u00bb custom_padding=\u00a0\u00bb||||false|false\u00a0\u00bb link_text_color_last_edited=\u00a0\u00bboff|desktop\u00a0\u00bb locked=\u00a0\u00bboff\u00a0\u00bb global_colors_info=\u00a0\u00bb{}\u00a0\u00bb link_text_color__hover_enabled=\u00a0\u00bbon|desktop\u00a0\u00bb link_text_color__hover=\u00a0\u00bb#000000&Prime;]<\/p>\n<p><strong>\u2022 EN60335-1:2002<\/strong> S\u00e9curit\u00e9 des appareils \u00e0 usage domestique et similaire.<br \/>Partie 1 : normes g\u00e9n\u00e9rales.<br \/><strong>\u2022 EN60335-2-21:2003<\/strong> S\u00e9curit\u00e9 des appareils \u00e0 usage domestique et similaire.<br \/>Partie 2 : normes particuli\u00e8res pour les chauffe-eaux \u00e0 accumulation.<br \/><strong>\u2022 DIR 2004\/108\/EMC<\/strong><br \/><strong>\u2022 DIR 2011\/65\/ROHS ROHS<\/strong><br \/><strong>\u2022 DIR 2013\/812\/UE<\/strong> <strong>Ecolabel<\/strong><br \/><strong>\u2022 DIR 2013\/814\/UE Ecodesign<\/strong><br \/><strong>\u2022 PrEN50440:2013<\/strong> Efficacit\u00e9 \u00e9nerg\u00e9tique des chauffe-eaux \u00e0 accumulation pour usage domestique.<br \/><strong>\u2022 DIN 4753-3<\/strong> Protection contre la corrosion par traitement vitroc\u00e9ramique.<br \/><strong>\u2022 EN 60379:2004<\/strong><br \/>M\u00e9thodes de mesure des performances des chauffe-eaux \u00e0 accumulation pour usage domestique.<br \/><strong>\u2022 EN10130 EN10111 <\/strong>TOLE<strong><br \/><\/strong><strong>\u2022 EN12438:2015-DIN4753,T6-ISO 26202:07 <\/strong>ANODE MG<br \/><strong>\u2022 EN 60335-1; EN60335-2-21 <\/strong>R\u00c9SISTANCES<br \/><strong>\u2022 EN60730-1; EN60730-2-9 <\/strong>THERMOSTATS<\/p>\n<p>[\/et_pb_text][\/et_pb_column][et_pb_column type=\u00a0\u00bb1_2&Prime; _builder_version=\u00a0\u00bb4.25.1&Prime; _module_preset=\u00a0\u00bbdefault\u00a0\u00bb global_colors_info=\u00a0\u00bb{}\u00a0\u00bb][et_pb_text _builder_version=\u00a0\u00bb4.25.1&Prime; _module_preset=\u00a0\u00bbdefault\u00a0\u00bb text_font=\u00a0\u00bbPoppins|200|||||||\u00a0\u00bb text_text_color=\u00a0\u00bb#FFFFFF\u00a0\u00bb text_font_size=\u00a0\u00bb16px\u00a0\u00bb text_letter_spacing=\u00a0\u00bb2px\u00a0\u00bb text_line_height=\u00a0\u00bb1.8em\u00a0\u00bb max_width=\u00a0\u00bb36em\u00a0\u00bb custom_margin=\u00a0\u00bb||17px||false|false\u00a0\u00bb custom_margin_tablet=\u00a0\u00bb|10%|17px|10%|false|true\u00a0\u00bb custom_margin_phone=\u00a0\u00bb\u00a0\u00bb custom_margin_last_edited=\u00a0\u00bbon|phone\u00a0\u00bb custom_padding=\u00a0\u00bb||||false|false\u00a0\u00bb locked=\u00a0\u00bboff\u00a0\u00bb global_colors_info=\u00a0\u00bb{}\u00a0\u00bb]<\/p>\n<p><strong>Entreprise certifi\u00e9e<\/strong><br \/><strong>avec syst\u00e8me de gestion de la qualit\u00e9<\/strong><br \/><strong>conforme aux normes<\/strong><br \/><strong>UNI EN ISO 9001 2008<\/strong><\/p>\n<p>[\/et_pb_text][et_pb_image src=\u00a0\u00bbhttps:\/\/bandiniwaterheaters.com\/wp-content\/uploads\/2023\/05\/Certificato-16561_310123.jpg\u00a0\u00bb title_text=\u00a0\u00bbCertificato 16561_310123&Prime; url=\u00a0\u00bbhttps:\/\/bandiniwaterheaters.com\/wp-content\/uploads\/2023\/05\/Certificato-16561_310123.pdf\u00a0\u00bb align=\u00a0\u00bbcenter\u00a0\u00bb disabled_on=\u00a0\u00bbon|off|off\u00a0\u00bb _builder_version=\u00a0\u00bb4.25.1&Prime; _module_preset=\u00a0\u00bbdefault\u00a0\u00bb background_image=\u00a0\u00bbhttps:\/\/bandiniwaterheaters.com\/wp-content\/uploads\/2021\/07\/certificato.jpg\u00a0\u00bb positioning=\u00a0\u00bbabsolute\u00a0\u00bb position_origin_a=\u00a0\u00bbtop_right\u00a0\u00bb vertical_offset=\u00a0\u00bb352px\u00a0\u00bb horizontal_offset=\u00a0\u00bb152px\u00a0\u00bb vertical_offset_tablet=\u00a0\u00bb-165px\u00a0\u00bb vertical_offset_phone=\u00a0\u00bb\u00a0\u00bb vertical_offset_last_edited=\u00a0\u00bbon|desktop\u00a0\u00bb horizontal_offset_tablet=\u00a0\u00bb60px\u00a0\u00bb horizontal_offset_phone=\u00a0\u00bb\u00a0\u00bb horizontal_offset_last_edited=\u00a0\u00bbon|desktop\u00a0\u00bb width=\u00a0\u00bb350px\u00a0\u00bb width_tablet=\u00a0\u00bb100%\u00a0\u00bb width_phone=\u00a0\u00bb\u00a0\u00bb width_last_edited=\u00a0\u00bbon|tablet\u00a0\u00bb max_width=\u00a0\u00bb350px\u00a0\u00bb max_width_tablet=\u00a0\u00bb250px\u00a0\u00bb max_width_phone=\u00a0\u00bb\u00a0\u00bb max_width_last_edited=\u00a0\u00bbon|tablet\u00a0\u00bb custom_margin=\u00a0\u00bb-185px||||false|false\u00a0\u00bb border_width_all=\u00a0\u00bb1px\u00a0\u00bb border_color_all=\u00a0\u00bb#A0A0A0&Prime; locked=\u00a0\u00bboff\u00a0\u00bb global_colors_info=\u00a0\u00bb{}\u00a0\u00bb][\/et_pb_image][\/et_pb_column][\/et_pb_row][\/et_pb_section]<\/p>\n","protected":false},"excerpt":{"rendered":"<p>[rank_math_breadcrumb] Synonyme de garantie pour les professionnelsChez Bandini, chaque \u00e9tape de la production est soumise \u00e0 de rigoureux contr\u00f4les de qualit\u00e9 et \u00e0 la conformit\u00e9 aux normes internationales. De la s\u00e9lection des mat\u00e9riaux certifi\u00e9s \u00e0 la conception avec des technologies de pointe, nous nous engageons \u00e0 offrir aux revendeurs et installateurs une gamme de produits [&hellip;]<\/p>\n","protected":false},"author":13,"featured_media":0,"parent":0,"menu_order":0,"comment_status":"closed","ping_status":"closed","template":"","meta":{"_et_pb_use_builder":"on","_et_pb_old_content":"","_et_gb_content_width":""},"acf":[],"_links":{"self":[{"href":"https:\/\/bandiniwaterheaters.com\/fr\/wp-json\/wp\/v2\/pages\/34917"}],"collection":[{"href":"https:\/\/bandiniwaterheaters.com\/fr\/wp-json\/wp\/v2\/pages"}],"about":[{"href":"https:\/\/bandiniwaterheaters.com\/fr\/wp-json\/wp\/v2\/types\/page"}],"author":[{"embeddable":true,"href":"https:\/\/bandiniwaterheaters.com\/fr\/wp-json\/wp\/v2\/users\/13"}],"replies":[{"embeddable":true,"href":"https:\/\/bandiniwaterheaters.com\/fr\/wp-json\/wp\/v2\/comments?post=34917"}],"version-history":[{"count":2,"href":"https:\/\/bandiniwaterheaters.com\/fr\/wp-json\/wp\/v2\/pages\/34917\/revisions"}],"predecessor-version":[{"id":34919,"href":"https:\/\/bandiniwaterheaters.com\/fr\/wp-json\/wp\/v2\/pages\/34917\/revisions\/34919"}],"wp:attachment":[{"href":"https:\/\/bandiniwaterheaters.com\/fr\/wp-json\/wp\/v2\/media?parent=34917"}],"curies":[{"name":"wp","href":"https:\/\/api.w.org\/{rel}","templated":true}]}}