{"id":34204,"date":"2021-04-08T15:13:42","date_gmt":"2021-04-08T15:13:42","guid":{"rendered":"https:\/\/bandiniwaterheaters.com\/prodotto\/a15\/"},"modified":"2022-12-21T14:52:23","modified_gmt":"2022-12-21T14:52:23","slug":"a15","status":"publish","type":"product","link":"https:\/\/bandiniwaterheaters.com\/fr\/prodotto\/a15\/","title":{"rendered":"A15"},"content":{"rendered":"<p>Chauffe-eau \u00e9lectrique \u00e0 accumulation, petite capacit\u00e9<br \/>\nDisponible en version sur-\u00e9vier et sous-\u00e9vier.<\/p>\n<p><strong>POURQUOI LE CHOISIR :<\/strong><\/p>\n<p>&#8211; Parfait pour chauffer l&rsquo;eau pour la cuisine ou l&rsquo;\u00e9vier<\/p>\n<p>&#8211; Grande polyvalence d&rsquo;installation, m\u00eame dans des meubles non visibles<\/p>\n<p>&#8211; Les petites dimensions n\u00e9cessitent une courte p\u00e9riode pour chauffer l&rsquo;eau<\/p>\n","protected":false},"excerpt":{"rendered":"<p>Chauffe-eau \u00e9lectrique \u00e0 accumulation, petite capacit\u00e9<\/p>\n","protected":false},"featured_media":34931,"comment_status":"open","ping_status":"closed","template":"","meta":{"_et_pb_use_builder":"","_et_pb_old_content":"","_et_gb_content_width":""},"product_cat":[81],"product_tag":[87],"acf":[],"_links":{"self":[{"href":"https:\/\/bandiniwaterheaters.com\/fr\/wp-json\/wp\/v2\/product\/34204"}],"collection":[{"href":"https:\/\/bandiniwaterheaters.com\/fr\/wp-json\/wp\/v2\/product"}],"about":[{"href":"https:\/\/bandiniwaterheaters.com\/fr\/wp-json\/wp\/v2\/types\/product"}],"replies":[{"embeddable":true,"href":"https:\/\/bandiniwaterheaters.com\/fr\/wp-json\/wp\/v2\/comments?post=34204"}],"wp:featuredmedia":[{"embeddable":true,"href":"https:\/\/bandiniwaterheaters.com\/fr\/wp-json\/wp\/v2\/media\/34931"}],"wp:attachment":[{"href":"https:\/\/bandiniwaterheaters.com\/fr\/wp-json\/wp\/v2\/media?parent=34204"}],"wp:term":[{"taxonomy":"product_cat","embeddable":true,"href":"https:\/\/bandiniwaterheaters.com\/fr\/wp-json\/wp\/v2\/product_cat?post=34204"},{"taxonomy":"product_tag","embeddable":true,"href":"https:\/\/bandiniwaterheaters.com\/fr\/wp-json\/wp\/v2\/product_tag?post=34204"}],"curies":[{"name":"wp","href":"https:\/\/api.w.org\/{rel}","templated":true}]}}