{"id":34208,"date":"2021-04-08T15:38:19","date_gmt":"2021-04-08T15:38:19","guid":{"rendered":"https:\/\/bandiniwaterheaters.com\/prodotto\/c65\/"},"modified":"2022-12-21T14:43:50","modified_gmt":"2022-12-21T14:43:50","slug":"c65","status":"publish","type":"product","link":"https:\/\/bandiniwaterheaters.com\/fr\/prodotto\/c65\/","title":{"rendered":"C65"},"content":{"rendered":"<p>Chauffe-eau \u00e9lectrique \u00e0 accumulation, double r\u00e9servoir, Profil plat.<br \/>\nDisponible pour installation verticale \/ horizontale (gauche), fixation murale.<\/p>\n<p><strong>POURQUOI LE CHOISIR :<\/strong><\/p>\n<p>&#8211; Ce produit r\u00e9pond aux besoins d&rsquo;une installation peu encombrante, optimisant les espaces<\/p>\n<p>&#8211; Le thermostat SMART contr\u00f4le l&rsquo;un des 2 r\u00e9servoirs et optimise les consommations d&rsquo;\u00e9nergie<\/p>\n<p>&#8211; Les syst\u00e8mes \u00e0 double r\u00e9servoir peuvent vous fournir de l&rsquo;eau chaude dans la moiti\u00e9 du temps standard requis d&rsquo;un chauffe-eau \u00e0 accumulation normal.<\/p>\n","protected":false},"excerpt":{"rendered":"<p>Chauffe-eau \u00e9lectrique \u00e0 accumulation, double r\u00e9servoir, Profil plat.<\/p>\n","protected":false},"featured_media":34943,"comment_status":"open","ping_status":"closed","template":"","meta":{"_et_pb_use_builder":"","_et_pb_old_content":"","_et_gb_content_width":""},"product_cat":[81],"product_tag":[87],"acf":[],"_links":{"self":[{"href":"https:\/\/bandiniwaterheaters.com\/fr\/wp-json\/wp\/v2\/product\/34208"}],"collection":[{"href":"https:\/\/bandiniwaterheaters.com\/fr\/wp-json\/wp\/v2\/product"}],"about":[{"href":"https:\/\/bandiniwaterheaters.com\/fr\/wp-json\/wp\/v2\/types\/product"}],"replies":[{"embeddable":true,"href":"https:\/\/bandiniwaterheaters.com\/fr\/wp-json\/wp\/v2\/comments?post=34208"}],"wp:featuredmedia":[{"embeddable":true,"href":"https:\/\/bandiniwaterheaters.com\/fr\/wp-json\/wp\/v2\/media\/34943"}],"wp:attachment":[{"href":"https:\/\/bandiniwaterheaters.com\/fr\/wp-json\/wp\/v2\/media?parent=34208"}],"wp:term":[{"taxonomy":"product_cat","embeddable":true,"href":"https:\/\/bandiniwaterheaters.com\/fr\/wp-json\/wp\/v2\/product_cat?post=34208"},{"taxonomy":"product_tag","embeddable":true,"href":"https:\/\/bandiniwaterheaters.com\/fr\/wp-json\/wp\/v2\/product_tag?post=34208"}],"curies":[{"name":"wp","href":"https:\/\/api.w.org\/{rel}","templated":true}]}}