{"id":34209,"date":"2021-04-08T15:45:34","date_gmt":"2021-04-08T15:45:34","guid":{"rendered":"https:\/\/bandiniwaterheaters.com\/prodotto\/eco\/"},"modified":"2022-12-21T14:37:00","modified_gmt":"2022-12-21T14:37:00","slug":"eco","status":"publish","type":"product","link":"https:\/\/bandiniwaterheaters.com\/fr\/prodotto\/eco\/","title":{"rendered":"ECO"},"content":{"rendered":"<p>Chauffe-eau \u00e9lectrique \u00e0 accumulation, \u00e0 double \u00e9paisseur d&rsquo;isolation, pour augmenter l&rsquo;efficacit\u00e9 de la couche thermique.<\/p>\n<p>\u00c9galement <a href=\"https:\/\/bandiniwaterheaters.com\/fr\/prodotto\/eco-xl\/\">disponible dans le mod\u00e8le agrandi<\/a>, ou avec le thermostat intelligent qui optimise les cycles de chauffage, garantissant la combinaison parfaite d&rsquo;une faible consommation d&rsquo;\u00e9nergie et d&rsquo;une eau chaude toujours pr\u00eate \u00e0 l&#8217;emploi !<\/p>\n<p><strong>Pourquoi le choisir :<\/strong><\/p>\n<p>la double \u00e9paisseur de l&rsquo;isolation (par rapport aux mod\u00e8les classiques), font de ce chauffe-eau la meilleure r\u00e9ponse aux nouveaux besoins de faible consommation d&rsquo;\u00e9nergie. La couche thermique permet \u00e0 la chaudi\u00e8re de maintenir l&rsquo;eau \u00e0 temp\u00e9rature plus longtemps, d\u00e9gageant beaucoup moins de chaleur que les mod\u00e8les classiques.<\/p>\n","protected":false},"excerpt":{"rendered":"<p>Chauffe-eau \u00e9lectrique vertical ECO<\/p>\n","protected":false},"featured_media":34946,"comment_status":"open","ping_status":"closed","template":"","meta":{"_et_pb_use_builder":"","_et_pb_old_content":"","_et_gb_content_width":""},"product_cat":[81],"product_tag":[88],"acf":[],"_links":{"self":[{"href":"https:\/\/bandiniwaterheaters.com\/fr\/wp-json\/wp\/v2\/product\/34209"}],"collection":[{"href":"https:\/\/bandiniwaterheaters.com\/fr\/wp-json\/wp\/v2\/product"}],"about":[{"href":"https:\/\/bandiniwaterheaters.com\/fr\/wp-json\/wp\/v2\/types\/product"}],"replies":[{"embeddable":true,"href":"https:\/\/bandiniwaterheaters.com\/fr\/wp-json\/wp\/v2\/comments?post=34209"}],"wp:featuredmedia":[{"embeddable":true,"href":"https:\/\/bandiniwaterheaters.com\/fr\/wp-json\/wp\/v2\/media\/34946"}],"wp:attachment":[{"href":"https:\/\/bandiniwaterheaters.com\/fr\/wp-json\/wp\/v2\/media?parent=34209"}],"wp:term":[{"taxonomy":"product_cat","embeddable":true,"href":"https:\/\/bandiniwaterheaters.com\/fr\/wp-json\/wp\/v2\/product_cat?post=34209"},{"taxonomy":"product_tag","embeddable":true,"href":"https:\/\/bandiniwaterheaters.com\/fr\/wp-json\/wp\/v2\/product_tag?post=34209"}],"curies":[{"name":"wp","href":"https:\/\/api.w.org\/{rel}","templated":true}]}}