{"id":34210,"date":"2021-04-08T15:50:15","date_gmt":"2021-04-08T15:50:15","guid":{"rendered":"https:\/\/bandiniwaterheaters.com\/prodotto\/eco-xl\/"},"modified":"2022-12-21T14:34:52","modified_gmt":"2022-12-21T14:34:52","slug":"eco-xl","status":"publish","type":"product","link":"https:\/\/bandiniwaterheaters.com\/fr\/prodotto\/eco-xl\/","title":{"rendered":"ECO XL"},"content":{"rendered":"<p>Chauffe-eau \u00e9lectrique \u00e0 accumulation, \u00e0 double \u00e9paisseur d&rsquo;isolation, pour augmenter l&rsquo;efficacit\u00e9 de la couche thermique.<\/p>\n<p><strong>Pourquoi le choisir :<\/strong><\/p>\n<p>la double \u00e9paisseur de l&rsquo;isolation (par rapport aux mod\u00e8les classiques), font de ce chauffe-eau la meilleure r\u00e9ponse aux nouveaux besoins de faible consommation d&rsquo;\u00e9nergie. La couche thermique permet \u00e0 la chaudi\u00e8re de maintenir l&rsquo;eau \u00e0 temp\u00e9rature plus longtemps, d\u00e9gageant beaucoup moins de chaleur que les mod\u00e8les classiques.<\/p>\n","protected":false},"excerpt":{"rendered":"<p>Chauffe-eau \u00e9lectrique vertical ECO XL<\/p>\n","protected":false},"featured_media":34949,"comment_status":"open","ping_status":"closed","template":"","meta":{"_et_pb_use_builder":"","_et_pb_old_content":"","_et_gb_content_width":""},"product_cat":[81],"product_tag":[89],"acf":[],"_links":{"self":[{"href":"https:\/\/bandiniwaterheaters.com\/fr\/wp-json\/wp\/v2\/product\/34210"}],"collection":[{"href":"https:\/\/bandiniwaterheaters.com\/fr\/wp-json\/wp\/v2\/product"}],"about":[{"href":"https:\/\/bandiniwaterheaters.com\/fr\/wp-json\/wp\/v2\/types\/product"}],"replies":[{"embeddable":true,"href":"https:\/\/bandiniwaterheaters.com\/fr\/wp-json\/wp\/v2\/comments?post=34210"}],"wp:featuredmedia":[{"embeddable":true,"href":"https:\/\/bandiniwaterheaters.com\/fr\/wp-json\/wp\/v2\/media\/34949"}],"wp:attachment":[{"href":"https:\/\/bandiniwaterheaters.com\/fr\/wp-json\/wp\/v2\/media?parent=34210"}],"wp:term":[{"taxonomy":"product_cat","embeddable":true,"href":"https:\/\/bandiniwaterheaters.com\/fr\/wp-json\/wp\/v2\/product_cat?post=34210"},{"taxonomy":"product_tag","embeddable":true,"href":"https:\/\/bandiniwaterheaters.com\/fr\/wp-json\/wp\/v2\/product_tag?post=34210"}],"curies":[{"name":"wp","href":"https:\/\/api.w.org\/{rel}","templated":true}]}}