{"id":34211,"date":"2021-04-09T08:27:34","date_gmt":"2021-04-09T08:27:34","guid":{"rendered":"https:\/\/bandiniwaterheaters.com\/prodotto\/smart\/"},"modified":"2022-12-21T14:03:36","modified_gmt":"2022-12-21T14:03:36","slug":"smart","status":"publish","type":"product","link":"https:\/\/bandiniwaterheaters.com\/fr\/prodotto\/smart\/","title":{"rendered":"SMART"},"content":{"rendered":"<p>Chauffe eau \u00e9lectrique avec isolation thermostat augment\u00e9 et technologique SMART<\/p>\n<p><strong>POURQUOI LE CHOISIR :<\/strong><br \/>\nLe thermostat intelligent qui optimise les cycles chauffage, assure le parfait combinaison de faible consommation d&rsquo;\u00e9nergie et de l&rsquo;eau chaude, toujours pr\u00eat \u00e0 l&#8217;emploi !<\/p>\n<p>L&rsquo;\u00e9paisseur augment\u00e9e de l&rsquo;isolant (par rapport aux mod\u00e8les classiques), fait de ce chauffe-eau la meilleure r\u00e9ponse aux nouveaux besoins de basse consommation.<\/p>\n<p>La technologie SMART vous permet de contr\u00f4ler les cycles de chauffage m\u00eame pour des p\u00e9riodes d&rsquo;absence plus longues, avec la possibilit\u00e9 de<br \/>\nCYCLE ANTIGEL et CYCLE ANTI-L\u00c9GIONELL<\/p>\n","protected":false},"excerpt":{"rendered":"<p>Chauffe-eau \u00e9lectrique vertical SMART<\/p>\n","protected":false},"featured_media":34967,"comment_status":"open","ping_status":"closed","template":"","meta":{"_et_pb_use_builder":"","_et_pb_old_content":"","_et_gb_content_width":""},"product_cat":[81],"product_tag":[88],"acf":[],"_links":{"self":[{"href":"https:\/\/bandiniwaterheaters.com\/fr\/wp-json\/wp\/v2\/product\/34211"}],"collection":[{"href":"https:\/\/bandiniwaterheaters.com\/fr\/wp-json\/wp\/v2\/product"}],"about":[{"href":"https:\/\/bandiniwaterheaters.com\/fr\/wp-json\/wp\/v2\/types\/product"}],"replies":[{"embeddable":true,"href":"https:\/\/bandiniwaterheaters.com\/fr\/wp-json\/wp\/v2\/comments?post=34211"}],"wp:featuredmedia":[{"embeddable":true,"href":"https:\/\/bandiniwaterheaters.com\/fr\/wp-json\/wp\/v2\/media\/34967"}],"wp:attachment":[{"href":"https:\/\/bandiniwaterheaters.com\/fr\/wp-json\/wp\/v2\/media?parent=34211"}],"wp:term":[{"taxonomy":"product_cat","embeddable":true,"href":"https:\/\/bandiniwaterheaters.com\/fr\/wp-json\/wp\/v2\/product_cat?post=34211"},{"taxonomy":"product_tag","embeddable":true,"href":"https:\/\/bandiniwaterheaters.com\/fr\/wp-json\/wp\/v2\/product_tag?post=34211"}],"curies":[{"name":"wp","href":"https:\/\/api.w.org\/{rel}","templated":true}]}}