{"id":34213,"date":"2021-04-09T08:15:53","date_gmt":"2021-04-09T08:15:53","guid":{"rendered":"https:\/\/bandiniwaterheaters.com\/prodotto\/slim\/"},"modified":"2022-12-21T14:23:12","modified_gmt":"2022-12-21T14:23:12","slug":"slim","status":"publish","type":"product","link":"https:\/\/bandiniwaterheaters.com\/fr\/prodotto\/slim\/","title":{"rendered":"SLIM"},"content":{"rendered":"<p>Chauffe-eau \u00e9lectrique avec profil \u00ab\u00a0SLIM\u00a0\u00bb, pose horizontale<\/p>\n<p><strong>POURQUOI LE CHOISIR :<\/strong><\/p>\n<p>&#8211; Pour r\u00e9pondre \u00e0 ces besoins d&rsquo;installations o\u00f9 des dimensions plus petites seront cruciales.<\/p>\n<p>&#8211; le profil sp\u00e9cial de la chaudi\u00e8re \u00ab\u00a0SLIM\u00a0\u00bb garantit une meilleure performance de chauffage par rapport aux mod\u00e8les classiques<\/p>\n<p>&#8211; le profil sp\u00e9cial de la chaudi\u00e8re \u00ab\u00a0SLIM\u00a0\u00bb garantit une meilleure r\u00e9sistance \u00e0 pression de l&rsquo;eau<\/p>\n","protected":false},"excerpt":{"rendered":"<p>Chauffe-eau \u00e9lectrique horizontal SLIM<\/p>\n","protected":false},"featured_media":34961,"comment_status":"open","ping_status":"closed","template":"","meta":{"_et_pb_use_builder":"","_et_pb_old_content":"","_et_gb_content_width":""},"product_cat":[81],"product_tag":[89],"acf":[],"_links":{"self":[{"href":"https:\/\/bandiniwaterheaters.com\/fr\/wp-json\/wp\/v2\/product\/34213"}],"collection":[{"href":"https:\/\/bandiniwaterheaters.com\/fr\/wp-json\/wp\/v2\/product"}],"about":[{"href":"https:\/\/bandiniwaterheaters.com\/fr\/wp-json\/wp\/v2\/types\/product"}],"replies":[{"embeddable":true,"href":"https:\/\/bandiniwaterheaters.com\/fr\/wp-json\/wp\/v2\/comments?post=34213"}],"wp:featuredmedia":[{"embeddable":true,"href":"https:\/\/bandiniwaterheaters.com\/fr\/wp-json\/wp\/v2\/media\/34961"}],"wp:attachment":[{"href":"https:\/\/bandiniwaterheaters.com\/fr\/wp-json\/wp\/v2\/media?parent=34213"}],"wp:term":[{"taxonomy":"product_cat","embeddable":true,"href":"https:\/\/bandiniwaterheaters.com\/fr\/wp-json\/wp\/v2\/product_cat?post=34213"},{"taxonomy":"product_tag","embeddable":true,"href":"https:\/\/bandiniwaterheaters.com\/fr\/wp-json\/wp\/v2\/product_tag?post=34213"}],"curies":[{"name":"wp","href":"https:\/\/api.w.org\/{rel}","templated":true}]}}