{"id":34215,"date":"2021-04-09T08:38:55","date_gmt":"2021-04-09T08:38:55","guid":{"rendered":"https:\/\/bandiniwaterheaters.com\/prodotto\/so\/"},"modified":"2022-12-21T13:56:45","modified_gmt":"2022-12-21T13:56:45","slug":"so","status":"publish","type":"product","link":"https:\/\/bandiniwaterheaters.com\/fr\/prodotto\/so\/","title":{"rendered":"SO"},"content":{"rendered":"<p>Chauffe-eau \u00e9lectrique \u00e0 accumulation, pose murale horizontale. Disponible avec raccordement \u00e9lectrique \u00e0 droite o \u00e0 gauche, sur demande.<\/p>\n<p><strong>POURQUOI LE CHOISIR :<\/strong><\/p>\n<p>&#8211; C&rsquo;est le mod\u00e8le classique, qui existe depuis des ann\u00e9es dans les foyers italiens pour satisfaire le plus divers besoins en eau chaude.<\/p>\n<p>&#8211; C&rsquo;est un produit d&rsquo;installation facile, qui vous permet d&rsquo;avoir de l&rsquo;eau chaude \u00e0 port\u00e9e de main utilisation : id\u00e9al pour se faire plaisir douche chaude relaxante et r\u00e9g\u00e9n\u00e9rante<\/p>\n","protected":false},"excerpt":{"rendered":"<p>Chauffe-eau \u00e9lectrique horizontal<\/p>\n","protected":false},"featured_media":34970,"comment_status":"open","ping_status":"closed","template":"","meta":{"_et_pb_use_builder":"","_et_pb_old_content":"","_et_gb_content_width":""},"product_cat":[81],"product_tag":[91],"acf":[],"_links":{"self":[{"href":"https:\/\/bandiniwaterheaters.com\/fr\/wp-json\/wp\/v2\/product\/34215"}],"collection":[{"href":"https:\/\/bandiniwaterheaters.com\/fr\/wp-json\/wp\/v2\/product"}],"about":[{"href":"https:\/\/bandiniwaterheaters.com\/fr\/wp-json\/wp\/v2\/types\/product"}],"replies":[{"embeddable":true,"href":"https:\/\/bandiniwaterheaters.com\/fr\/wp-json\/wp\/v2\/comments?post=34215"}],"wp:featuredmedia":[{"embeddable":true,"href":"https:\/\/bandiniwaterheaters.com\/fr\/wp-json\/wp\/v2\/media\/34970"}],"wp:attachment":[{"href":"https:\/\/bandiniwaterheaters.com\/fr\/wp-json\/wp\/v2\/media?parent=34215"}],"wp:term":[{"taxonomy":"product_cat","embeddable":true,"href":"https:\/\/bandiniwaterheaters.com\/fr\/wp-json\/wp\/v2\/product_cat?post=34215"},{"taxonomy":"product_tag","embeddable":true,"href":"https:\/\/bandiniwaterheaters.com\/fr\/wp-json\/wp\/v2\/product_tag?post=34215"}],"curies":[{"name":"wp","href":"https:\/\/api.w.org\/{rel}","templated":true}]}}