{"id":34217,"date":"2021-04-09T08:07:08","date_gmt":"2021-04-09T08:07:08","guid":{"rendered":"https:\/\/bandiniwaterheaters.com\/prodotto\/sl-sx-sz\/"},"modified":"2022-12-21T14:24:31","modified_gmt":"2022-12-21T14:24:31","slug":"sl-sx-sz","status":"publish","type":"product","link":"https:\/\/bandiniwaterheaters.com\/fr\/prodotto\/sl-sx-sz\/","title":{"rendered":"SL\/SX\/SZ"},"content":{"rendered":"<p>Chauffe-eau \u00e0 bois vertical, installation baser.<\/p>\n<p>Chauffage au bois (<strong>SL<\/strong>)<br \/>\nCombin\u00e9 bois \u2013 \u00e9lectrique (<strong>SX<\/strong>)<br \/>\nBois \u2013 \u00c9lectrique \u2013 thermo combin\u00e9 (<strong>SZ<\/strong>)<\/p>\n<p>&nbsp;<\/p>\n<p><strong>POURQUOI LE CHOISIR :<\/strong><\/p>\n<p>C&rsquo;est l&rsquo;une des premi\u00e8res versions con\u00e7ues pour le chauffe-eau \u00e0 usage sanitaire,<br \/>\nquand encore l&rsquo;\u00e9lectricit\u00e9 et le gaz ils \u00e9taient un luxe pour quelques-uns. Satisfaire les besoins les plus divers, \u00e9galement assist\u00e9 par l&rsquo;\u00e9lectricit\u00e9 (SX) ou aussi de serpentine pour l&rsquo;\u00e9change de chaleur (SZ). Produit id\u00e9al pour les zones de montagne ou bois\u00e9, fournit de l&rsquo;eau chaude avec un consommation d&rsquo;\u00e9lectricit\u00e9 nulle ou n\u00e9gligeable.<\/p>\n","protected":false},"excerpt":{"rendered":"<p>Chauffe-eau \u00e0 bois<\/p>\n","protected":false},"featured_media":34973,"comment_status":"open","ping_status":"closed","template":"","meta":{"_et_pb_use_builder":"","_et_pb_old_content":"","_et_gb_content_width":""},"product_cat":[82],"product_tag":[88],"acf":[],"_links":{"self":[{"href":"https:\/\/bandiniwaterheaters.com\/fr\/wp-json\/wp\/v2\/product\/34217"}],"collection":[{"href":"https:\/\/bandiniwaterheaters.com\/fr\/wp-json\/wp\/v2\/product"}],"about":[{"href":"https:\/\/bandiniwaterheaters.com\/fr\/wp-json\/wp\/v2\/types\/product"}],"replies":[{"embeddable":true,"href":"https:\/\/bandiniwaterheaters.com\/fr\/wp-json\/wp\/v2\/comments?post=34217"}],"wp:featuredmedia":[{"embeddable":true,"href":"https:\/\/bandiniwaterheaters.com\/fr\/wp-json\/wp\/v2\/media\/34973"}],"wp:attachment":[{"href":"https:\/\/bandiniwaterheaters.com\/fr\/wp-json\/wp\/v2\/media?parent=34217"}],"wp:term":[{"taxonomy":"product_cat","embeddable":true,"href":"https:\/\/bandiniwaterheaters.com\/fr\/wp-json\/wp\/v2\/product_cat?post=34217"},{"taxonomy":"product_tag","embeddable":true,"href":"https:\/\/bandiniwaterheaters.com\/fr\/wp-json\/wp\/v2\/product_tag?post=34217"}],"curies":[{"name":"wp","href":"https:\/\/api.w.org\/{rel}","templated":true}]}}