{"id":34220,"date":"2021-04-09T09:08:12","date_gmt":"2021-04-09T09:08:12","guid":{"rendered":"https:\/\/bandiniwaterheaters.com\/prodotto\/st\/"},"modified":"2022-12-21T13:54:10","modified_gmt":"2022-12-21T13:54:10","slug":"st","status":"publish","type":"product","link":"https:\/\/bandiniwaterheaters.com\/fr\/prodotto\/st\/","title":{"rendered":"ST"},"content":{"rendered":"<p>Chauffe-eau thermo\u00e9lectrique avec serpentine Vertical (connexions bobine droite ou gauche de votre choix)<\/p>\n<p><strong>POURQUOI LE CHOISIR :<\/strong><br \/>\n&#8211; Il a \u00e9t\u00e9 cr\u00e9\u00e9 pour \u00eatre combin\u00e9 avec le syst\u00e8me chauffage central de la maison, afin de profiter de l&rsquo;\u00e9change de chaleur indirecte et r\u00e9duire la consommation d&rsquo;\u00e9nergie.<\/p>\n<p>&#8211; Il a une r\u00e9sistance classique en appui de la la chaleur d\u00e9gag\u00e9e par le serpentin interne, mettre l&rsquo;eau \u00e0 temp\u00e9rature voulu<\/p>\n","protected":false},"excerpt":{"rendered":"<p>Chauffe-eau thermo\u00e9lectrique vertical<\/p>\n","protected":false},"featured_media":34979,"comment_status":"open","ping_status":"closed","template":"","meta":{"_et_pb_use_builder":"on","_et_pb_old_content":"","_et_gb_content_width":""},"product_cat":[84],"product_tag":[91],"acf":[],"_links":{"self":[{"href":"https:\/\/bandiniwaterheaters.com\/fr\/wp-json\/wp\/v2\/product\/34220"}],"collection":[{"href":"https:\/\/bandiniwaterheaters.com\/fr\/wp-json\/wp\/v2\/product"}],"about":[{"href":"https:\/\/bandiniwaterheaters.com\/fr\/wp-json\/wp\/v2\/types\/product"}],"replies":[{"embeddable":true,"href":"https:\/\/bandiniwaterheaters.com\/fr\/wp-json\/wp\/v2\/comments?post=34220"}],"wp:featuredmedia":[{"embeddable":true,"href":"https:\/\/bandiniwaterheaters.com\/fr\/wp-json\/wp\/v2\/media\/34979"}],"wp:attachment":[{"href":"https:\/\/bandiniwaterheaters.com\/fr\/wp-json\/wp\/v2\/media?parent=34220"}],"wp:term":[{"taxonomy":"product_cat","embeddable":true,"href":"https:\/\/bandiniwaterheaters.com\/fr\/wp-json\/wp\/v2\/product_cat?post=34220"},{"taxonomy":"product_tag","embeddable":true,"href":"https:\/\/bandiniwaterheaters.com\/fr\/wp-json\/wp\/v2\/product_tag?post=34220"}],"curies":[{"name":"wp","href":"https:\/\/api.w.org\/{rel}","templated":true}]}}