{"id":34221,"date":"2021-04-09T09:12:22","date_gmt":"2021-04-09T09:12:22","guid":{"rendered":"https:\/\/bandiniwaterheaters.com\/prodotto\/st-u\/"},"modified":"2022-12-21T13:44:46","modified_gmt":"2022-12-21T13:44:46","slug":"st-u","status":"publish","type":"product","link":"https:\/\/bandiniwaterheaters.com\/fr\/prodotto\/st-u\/","title":{"rendered":"ST\/U"},"content":{"rendered":"<p>Chauffe-eau thermo\u00e9lectrique avec serpentine.<br \/>\nUniversel (attaques ambidextres)<\/p>\n<p><strong>POURQUOI LE CHOISIR :<\/strong><\/p>\n<p>&#8211; Il a \u00e9t\u00e9 cr\u00e9\u00e9 pour \u00eatre combin\u00e9 avec le syst\u00e8me chauffage central de la maison,<br \/>\nafin de profiter de l&rsquo;\u00e9change de chaleur indirecte et r\u00e9duire la consommation d&rsquo;\u00e9nergie.<\/p>\n<p>&#8211; Il a une r\u00e9sistance classique en appui de la la chaleur d\u00e9gag\u00e9e par le serpentin interne, pour amener l&rsquo;eau \u00e0 la temp\u00e9rature d\u00e9sir\u00e9e.<\/p>\n<p>&#8211; La conception sp\u00e9ciale de la bobine pour le l&rsquo;\u00e9change de chaleur r\u00e9pond aux d\u00e9tails<br \/>\nbesoins d&rsquo;installation du syst\u00e8me hydraulique<\/p>\n","protected":false},"excerpt":{"rendered":"<p>Chauffe-eau thermo\u00e9lectrique vertical universel<\/p>\n","protected":false},"featured_media":34982,"comment_status":"open","ping_status":"closed","template":"","meta":{"_et_pb_use_builder":"","_et_pb_old_content":"","_et_gb_content_width":""},"product_cat":[84],"product_tag":[89],"acf":[],"_links":{"self":[{"href":"https:\/\/bandiniwaterheaters.com\/fr\/wp-json\/wp\/v2\/product\/34221"}],"collection":[{"href":"https:\/\/bandiniwaterheaters.com\/fr\/wp-json\/wp\/v2\/product"}],"about":[{"href":"https:\/\/bandiniwaterheaters.com\/fr\/wp-json\/wp\/v2\/types\/product"}],"replies":[{"embeddable":true,"href":"https:\/\/bandiniwaterheaters.com\/fr\/wp-json\/wp\/v2\/comments?post=34221"}],"wp:featuredmedia":[{"embeddable":true,"href":"https:\/\/bandiniwaterheaters.com\/fr\/wp-json\/wp\/v2\/media\/34982"}],"wp:attachment":[{"href":"https:\/\/bandiniwaterheaters.com\/fr\/wp-json\/wp\/v2\/media?parent=34221"}],"wp:term":[{"taxonomy":"product_cat","embeddable":true,"href":"https:\/\/bandiniwaterheaters.com\/fr\/wp-json\/wp\/v2\/product_cat?post=34221"},{"taxonomy":"product_tag","embeddable":true,"href":"https:\/\/bandiniwaterheaters.com\/fr\/wp-json\/wp\/v2\/product_tag?post=34221"}],"curies":[{"name":"wp","href":"https:\/\/api.w.org\/{rel}","templated":true}]}}