{"id":34222,"date":"2021-04-09T09:19:01","date_gmt":"2021-04-09T09:19:01","guid":{"rendered":"https:\/\/bandiniwaterheaters.com\/prodotto\/stx\/"},"modified":"2022-12-21T13:41:19","modified_gmt":"2022-12-21T13:41:19","slug":"stx","status":"publish","type":"product","link":"https:\/\/bandiniwaterheaters.com\/fr\/prodotto\/stx\/","title":{"rendered":"STX"},"content":{"rendered":"<p>Chauffe-eau thermo\u00e9lectrique avec serpentin d&rsquo;\u00e9change de chaleur elliptique<br \/>\nAvec les connexions droite (DX) ou gauche (SX) \u00e0 Choix<\/p>\n<p><strong>POURQUOI LE CHOISIR :<\/strong><br \/>\n&#8211; Pr\u00e9sence de puits de sonde pour le contr\u00f4le Temp\u00e9rature<\/p>\n<p>&#8211; Possibilit\u00e9 de connexion \u00e0 des syst\u00e8mes de chauffage centralis\u00e9<\/p>\n<p>&#8211; Possibilit\u00e9 de connexion avec des syst\u00e8mes a Panneau solaire<\/p>\n<p>&#8211; Possibilit\u00e9 de raccordement aux po\u00eales \u00e0 granul\u00e9s<\/p>\n<p>&#8211; Bobine elliptique haute performance pour \u00e9change de chaleur<\/p>\n","protected":false},"excerpt":{"rendered":"<p>Chauffe-eau thermo\u00e9lectrique vertical<\/p>\n","protected":false},"featured_media":34986,"comment_status":"open","ping_status":"closed","template":"","meta":{"_et_pb_use_builder":"","_et_pb_old_content":"","_et_gb_content_width":""},"product_cat":[84],"product_tag":[92],"acf":[],"_links":{"self":[{"href":"https:\/\/bandiniwaterheaters.com\/fr\/wp-json\/wp\/v2\/product\/34222"}],"collection":[{"href":"https:\/\/bandiniwaterheaters.com\/fr\/wp-json\/wp\/v2\/product"}],"about":[{"href":"https:\/\/bandiniwaterheaters.com\/fr\/wp-json\/wp\/v2\/types\/product"}],"replies":[{"embeddable":true,"href":"https:\/\/bandiniwaterheaters.com\/fr\/wp-json\/wp\/v2\/comments?post=34222"}],"wp:featuredmedia":[{"embeddable":true,"href":"https:\/\/bandiniwaterheaters.com\/fr\/wp-json\/wp\/v2\/media\/34986"}],"wp:attachment":[{"href":"https:\/\/bandiniwaterheaters.com\/fr\/wp-json\/wp\/v2\/media?parent=34222"}],"wp:term":[{"taxonomy":"product_cat","embeddable":true,"href":"https:\/\/bandiniwaterheaters.com\/fr\/wp-json\/wp\/v2\/product_cat?post=34222"},{"taxonomy":"product_tag","embeddable":true,"href":"https:\/\/bandiniwaterheaters.com\/fr\/wp-json\/wp\/v2\/product_tag?post=34222"}],"curies":[{"name":"wp","href":"https:\/\/api.w.org\/{rel}","templated":true}]}}