{"id":34223,"date":"2021-04-09T08:58:06","date_gmt":"2021-04-09T08:58:06","guid":{"rendered":"https:\/\/bandiniwaterheaters.com\/prodotto\/so-t\/"},"modified":"2022-12-21T13:55:31","modified_gmt":"2022-12-21T13:55:31","slug":"so-t","status":"publish","type":"product","link":"https:\/\/bandiniwaterheaters.com\/fr\/prodotto\/so-t\/","title":{"rendered":"SO\/T"},"content":{"rendered":"<p>Chauffe-eau thermo\u00e9lectrique avec serpentine Horizontal (raccords serpentins \u00e0 droite ou laiss\u00e9 au choix)<\/p>\n<p><strong>POURQUOI LE CHOISIR :<\/strong><\/p>\n<p>&#8211; Il a \u00e9t\u00e9 cr\u00e9\u00e9 pour \u00eatre combin\u00e9 avec le syst\u00e8me chauffage central de la maison,<br \/>\nafin de profiter de l&rsquo;\u00e9change de chaleur indirecte et r\u00e9duire la consommation d&rsquo;\u00e9nergie.<\/p>\n<p>&#8211; Il a une r\u00e9sistance classique en appui de la la chaleur d\u00e9gag\u00e9e par le serpentin interne, mettre l&rsquo;eau \u00e0 temp\u00e9rature voulu<\/p>\n","protected":false},"excerpt":{"rendered":"<p>Chauffe-eau thermo\u00e9lectrique horizontal<\/p>\n","protected":false},"featured_media":34976,"comment_status":"open","ping_status":"closed","template":"","meta":{"_et_pb_use_builder":"","_et_pb_old_content":"","_et_gb_content_width":""},"product_cat":[84],"product_tag":[92],"acf":[],"_links":{"self":[{"href":"https:\/\/bandiniwaterheaters.com\/fr\/wp-json\/wp\/v2\/product\/34223"}],"collection":[{"href":"https:\/\/bandiniwaterheaters.com\/fr\/wp-json\/wp\/v2\/product"}],"about":[{"href":"https:\/\/bandiniwaterheaters.com\/fr\/wp-json\/wp\/v2\/types\/product"}],"replies":[{"embeddable":true,"href":"https:\/\/bandiniwaterheaters.com\/fr\/wp-json\/wp\/v2\/comments?post=34223"}],"wp:featuredmedia":[{"embeddable":true,"href":"https:\/\/bandiniwaterheaters.com\/fr\/wp-json\/wp\/v2\/media\/34976"}],"wp:attachment":[{"href":"https:\/\/bandiniwaterheaters.com\/fr\/wp-json\/wp\/v2\/media?parent=34223"}],"wp:term":[{"taxonomy":"product_cat","embeddable":true,"href":"https:\/\/bandiniwaterheaters.com\/fr\/wp-json\/wp\/v2\/product_cat?post=34223"},{"taxonomy":"product_tag","embeddable":true,"href":"https:\/\/bandiniwaterheaters.com\/fr\/wp-json\/wp\/v2\/product_tag?post=34223"}],"curies":[{"name":"wp","href":"https:\/\/api.w.org\/{rel}","templated":true}]}}