{"id":34224,"date":"2022-10-03T13:03:38","date_gmt":"2022-10-03T13:03:38","guid":{"rendered":"https:\/\/bandiniwaterheaters.com\/prodotto\/charger\/"},"modified":"2022-12-21T13:39:52","modified_gmt":"2022-12-21T13:39:52","slug":"charger","status":"publish","type":"product","link":"https:\/\/bandiniwaterheaters.com\/fr\/prodotto\/charger\/","title":{"rendered":"Charger"},"content":{"rendered":"<p>BALLON TAMPON (ou stockage inertiel) \u00e0 installer sur le retour des syst\u00e8mes en Pompe \u00e0 chaleur, \u00e0 double fonction de accumulateur et s\u00e9parateur de boues.<\/p>\n<p><strong>POURQUOI LE CHOISIR :<\/strong><br \/>\nCHARGER sert \u00e0 r\u00e9duire le nombre des d\u00e9marrages de l&rsquo;implant avec une augmentation cons\u00e9quente de l&rsquo;inertie thermique du circuit et donc temp\u00e9ratures de fonctionnement plus stables. La pr\u00e9sence de CHARGER est indispensable pour permettre sa r\u00e9gularit\u00e9 op\u00e9rations, m\u00eame \u00e0 faible charge thermique du syst\u00e8me de pompe \u00e0 chaleur<\/p>\n","protected":false},"excerpt":{"rendered":"<p>Pour installation sur le retour des syst\u00e8mes de pompe \u00e0 chaleur<\/p>\n","protected":false},"featured_media":34542,"comment_status":"open","ping_status":"closed","template":"","meta":{"_et_pb_use_builder":"","_et_pb_old_content":"","_et_gb_content_width":""},"product_cat":[86],"product_tag":[],"acf":[],"_links":{"self":[{"href":"https:\/\/bandiniwaterheaters.com\/fr\/wp-json\/wp\/v2\/product\/34224"}],"collection":[{"href":"https:\/\/bandiniwaterheaters.com\/fr\/wp-json\/wp\/v2\/product"}],"about":[{"href":"https:\/\/bandiniwaterheaters.com\/fr\/wp-json\/wp\/v2\/types\/product"}],"replies":[{"embeddable":true,"href":"https:\/\/bandiniwaterheaters.com\/fr\/wp-json\/wp\/v2\/comments?post=34224"}],"wp:featuredmedia":[{"embeddable":true,"href":"https:\/\/bandiniwaterheaters.com\/fr\/wp-json\/wp\/v2\/media\/34542"}],"wp:attachment":[{"href":"https:\/\/bandiniwaterheaters.com\/fr\/wp-json\/wp\/v2\/media?parent=34224"}],"wp:term":[{"taxonomy":"product_cat","embeddable":true,"href":"https:\/\/bandiniwaterheaters.com\/fr\/wp-json\/wp\/v2\/product_cat?post=34224"},{"taxonomy":"product_tag","embeddable":true,"href":"https:\/\/bandiniwaterheaters.com\/fr\/wp-json\/wp\/v2\/product_tag?post=34224"}],"curies":[{"name":"wp","href":"https:\/\/api.w.org\/{rel}","templated":true}]}}