{"id":34225,"date":"2022-10-04T12:31:27","date_gmt":"2022-10-04T12:31:27","guid":{"rendered":"https:\/\/bandiniwaterheaters.com\/prodotto\/charger-sep\/"},"modified":"2022-12-21T13:32:06","modified_gmt":"2022-12-21T13:32:06","slug":"charger-sep","status":"publish","type":"product","link":"https:\/\/bandiniwaterheaters.com\/fr\/prodotto\/charger-sep\/","title":{"rendered":"Charger SEP"},"content":{"rendered":"<p>BALLON TAMPON (ou stockage inertiel) pour installation aussi bien en SORTIE qu&rsquo;en RETOUR du syst\u00e8me, avec la fonction de accumulateur et S\u00c9PARATEUR HYDRAULIQUE (SEP).<\/p>\n<p><strong>POURQUOI LE CHOISIR : <\/strong><\/p>\n<p>S&rsquo;ils n&rsquo;ont pas d\u00e9j\u00e0 \u00e9t\u00e9 install\u00e9s dans le syst\u00e8me (le s\u00e9parateur et le collecteur) CHARGER SEP apporte des \u00e9conomies importantes (par exemple, achat et installation) du s\u00e9parateur, \u00e9tant d\u00e9j\u00e0 pr\u00e9sent sur le produit. CHARGER SEP donne une r\u00e9gularit\u00e9 de<br \/>\nfonctionnement pompe \u00e0 chaleur, Il peut \u00eatre facilement install\u00e9 \u00e0 l&rsquo;int\u00e9rieur de la partie interne du m\u00e9nage, interceant \u00e0 la fois la SORTIE et la RETOUR du syst\u00e8me.<\/p>\n","protected":false},"excerpt":{"rendered":"<p>Pour installation aussi bien sur le d\u00e9part que sur le retour du syst\u00e8me<\/p>\n","protected":false},"featured_media":34529,"comment_status":"open","ping_status":"closed","template":"","meta":{"_et_pb_use_builder":"","_et_pb_old_content":"","_et_gb_content_width":""},"product_cat":[86],"product_tag":[],"acf":[],"_links":{"self":[{"href":"https:\/\/bandiniwaterheaters.com\/fr\/wp-json\/wp\/v2\/product\/34225"}],"collection":[{"href":"https:\/\/bandiniwaterheaters.com\/fr\/wp-json\/wp\/v2\/product"}],"about":[{"href":"https:\/\/bandiniwaterheaters.com\/fr\/wp-json\/wp\/v2\/types\/product"}],"replies":[{"embeddable":true,"href":"https:\/\/bandiniwaterheaters.com\/fr\/wp-json\/wp\/v2\/comments?post=34225"}],"wp:featuredmedia":[{"embeddable":true,"href":"https:\/\/bandiniwaterheaters.com\/fr\/wp-json\/wp\/v2\/media\/34529"}],"wp:attachment":[{"href":"https:\/\/bandiniwaterheaters.com\/fr\/wp-json\/wp\/v2\/media?parent=34225"}],"wp:term":[{"taxonomy":"product_cat","embeddable":true,"href":"https:\/\/bandiniwaterheaters.com\/fr\/wp-json\/wp\/v2\/product_cat?post=34225"},{"taxonomy":"product_tag","embeddable":true,"href":"https:\/\/bandiniwaterheaters.com\/fr\/wp-json\/wp\/v2\/product_tag?post=34225"}],"curies":[{"name":"wp","href":"https:\/\/api.w.org\/{rel}","templated":true}]}}